{"id":133276,"date":"2025-11-14T14:57:32","date_gmt":"2025-11-14T13:57:32","guid":{"rendered":"https:\/\/www.ernstbrunn-apotheke.at\/katalog\/produkt\/sonnentor-rosa-pfeffer-ganz-20-g-bio\/"},"modified":"2025-12-09T10:19:09","modified_gmt":"2025-12-09T09:19:09","slug":"sonnentor-rosa-pfeffer-ganz-20-g-bio","status":"publish","type":"product","link":"https:\/\/www.ernstbrunn-apotheke.at\/katalog\/produkt\/sonnentor-rosa-pfeffer-ganz-20-g-bio\/","title":{"rendered":"Sonnentor Rosa Pfeffer ganz 20 g BIO"},"content":{"rendered":"<p>Der Sonnentor Rosa Pfeffer ganz in der 20 g Packung hat mit echtem Pfeffer nicht viel am Hut: Es sind die Beeren des Schinus-Baums, der zur Familie der Sumachgew\u00e4chse geh\u00f6rt. Die Beeren schmecken herrlich fruchtig, leicht s\u00fc\u00dflich und sind mild pfeffrig im Abgang. Geschmacklich erinnern sie leicht an Wacholderbeeren. Daher passt Rosa Pfeffer hervorragend zu mild gew\u00fcrzten Gerichten wie Fisch, Spargel und anderem Gem\u00fcse und kann ausgezeichnet zum Dekorieren eingesetzt werden.<\/p>\n","protected":false},"excerpt":{"rendered":"<p>Der Sonnentor Rosa Pfeffer ganz in der 20 g Packung hat mit echtem Pfeffer nicht viel am Hut: Es sind die Beeren des Schinus-Baums, der zur Familie der Sumachgew\u00e4chse geh\u00f6rt. Die Beeren schmecken herrlich fruchtig, leicht s\u00fc\u00dflich und sind mild pfeffrig im Abgang. Geschmacklich erinnern sie leicht an Wacholderbeeren. Daher passt Rosa Pfeffer hervorragend zu [&hellip;]<\/p>\n","protected":false},"featured_media":133278,"template":"","meta":{"_acf_changed":false},"product_brand":[925],"product_cat":[791],"product_tag":[],"class_list":{"0":"post-133276","1":"product","2":"type-product","3":"status-publish","4":"has-post-thumbnail","6":"product_brand-sonnentor","7":"product_cat-s","8":"pa_packungsgroesse-20g","10":"first","11":"instock","12":"shipping-taxable","13":"purchasable","14":"product-type-simple"},"acf":[],"_links":{"self":[{"href":"https:\/\/www.ernstbrunn-apotheke.at\/katalog\/wp-json\/wp\/v2\/product\/133276","targetHints":{"allow":["GET"]}}],"collection":[{"href":"https:\/\/www.ernstbrunn-apotheke.at\/katalog\/wp-json\/wp\/v2\/product"}],"about":[{"href":"https:\/\/www.ernstbrunn-apotheke.at\/katalog\/wp-json\/wp\/v2\/types\/product"}],"wp:featuredmedia":[{"embeddable":true,"href":"https:\/\/www.ernstbrunn-apotheke.at\/katalog\/wp-json\/wp\/v2\/media\/133278"}],"wp:attachment":[{"href":"https:\/\/www.ernstbrunn-apotheke.at\/katalog\/wp-json\/wp\/v2\/media?parent=133276"}],"wp:term":[{"taxonomy":"product_brand","embeddable":true,"href":"https:\/\/www.ernstbrunn-apotheke.at\/katalog\/wp-json\/wp\/v2\/product_brand?post=133276"},{"taxonomy":"product_cat","embeddable":true,"href":"https:\/\/www.ernstbrunn-apotheke.at\/katalog\/wp-json\/wp\/v2\/product_cat?post=133276"},{"taxonomy":"product_tag","embeddable":true,"href":"https:\/\/www.ernstbrunn-apotheke.at\/katalog\/wp-json\/wp\/v2\/product_tag?post=133276"}],"curies":[{"name":"wp","href":"https:\/\/api.w.org\/{rel}","templated":true}]}}