{"id":133266,"date":"2025-11-14T14:56:42","date_gmt":"2025-11-14T13:56:42","guid":{"rendered":"https:\/\/www.ernstbrunn-apotheke.at\/katalog\/produkt\/sonnentor-petersilie-geschnitten-15-g-bio\/"},"modified":"2025-12-09T10:19:08","modified_gmt":"2025-12-09T09:19:08","slug":"sonnentor-petersilie-geschnitten-15-g-bio","status":"publish","type":"product","link":"https:\/\/www.ernstbrunn-apotheke.at\/katalog\/produkt\/sonnentor-petersilie-geschnitten-15-g-bio\/","title":{"rendered":"Sonnentor Petersilie geschnitten 15 g BIO"},"content":{"rendered":"<p>Die Sonnentor Petersilie in der 15 g Packung passt immer und \u00fcberall. Das Kraut mit den glatten oder krausen Bl\u00e4ttern schmeckt s\u00fc\u00dflich und w\u00fcrzig mit einer leichten Anisnote im Hintergrund und schmeckt wunderbar zu Suppen, Salaten und Erd\u00e4pfeln.<\/p>\n","protected":false},"excerpt":{"rendered":"<p>Die Sonnentor Petersilie in der 15 g Packung passt immer und \u00fcberall. Das Kraut mit den glatten oder krausen Bl\u00e4ttern schmeckt s\u00fc\u00dflich und w\u00fcrzig mit einer leichten Anisnote im Hintergrund und schmeckt wunderbar zu Suppen, Salaten und Erd\u00e4pfeln.<\/p>\n","protected":false},"featured_media":133268,"template":"","meta":{"_acf_changed":false},"product_brand":[925],"product_cat":[791],"product_tag":[],"class_list":{"0":"post-133266","1":"product","2":"type-product","3":"status-publish","4":"has-post-thumbnail","6":"product_brand-sonnentor","7":"product_cat-s","8":"pa_packungsgroesse-15g","10":"first","11":"instock","12":"shipping-taxable","13":"purchasable","14":"product-type-simple"},"acf":[],"_links":{"self":[{"href":"https:\/\/www.ernstbrunn-apotheke.at\/katalog\/wp-json\/wp\/v2\/product\/133266","targetHints":{"allow":["GET"]}}],"collection":[{"href":"https:\/\/www.ernstbrunn-apotheke.at\/katalog\/wp-json\/wp\/v2\/product"}],"about":[{"href":"https:\/\/www.ernstbrunn-apotheke.at\/katalog\/wp-json\/wp\/v2\/types\/product"}],"wp:featuredmedia":[{"embeddable":true,"href":"https:\/\/www.ernstbrunn-apotheke.at\/katalog\/wp-json\/wp\/v2\/media\/133268"}],"wp:attachment":[{"href":"https:\/\/www.ernstbrunn-apotheke.at\/katalog\/wp-json\/wp\/v2\/media?parent=133266"}],"wp:term":[{"taxonomy":"product_brand","embeddable":true,"href":"https:\/\/www.ernstbrunn-apotheke.at\/katalog\/wp-json\/wp\/v2\/product_brand?post=133266"},{"taxonomy":"product_cat","embeddable":true,"href":"https:\/\/www.ernstbrunn-apotheke.at\/katalog\/wp-json\/wp\/v2\/product_cat?post=133266"},{"taxonomy":"product_tag","embeddable":true,"href":"https:\/\/www.ernstbrunn-apotheke.at\/katalog\/wp-json\/wp\/v2\/product_tag?post=133266"}],"curies":[{"name":"wp","href":"https:\/\/api.w.org\/{rel}","templated":true}]}}