{"id":133193,"date":"2025-11-14T14:55:44","date_gmt":"2025-11-14T13:55:44","guid":{"rendered":"https:\/\/www.ernstbrunn-apotheke.at\/katalog\/produkt\/sonnentor-kurkuma-gemahlen-packung-40-g-bio\/"},"modified":"2025-12-09T10:19:01","modified_gmt":"2025-12-09T09:19:01","slug":"sonnentor-kurkuma-gemahlen-packung-40-g-bio","status":"publish","type":"product","link":"https:\/\/www.ernstbrunn-apotheke.at\/katalog\/produkt\/sonnentor-kurkuma-gemahlen-packung-40-g-bio\/","title":{"rendered":"Sonnentor Kurkuma gemahlen Packung 40 g BIO"},"content":{"rendered":"<p>Sonnentor Kurkuma gemahlen bio in der 40 g Packung leuchtet Goldgelb und besitzt ein besonders blumig-holziges Aroma. Kurkuma, auch unter Gelbwurz bekannt, darf in keinem Curry fehlen und passt hervorragend zu Reisgerichten, Eint\u00f6pfen oder Linsen. Ein intensiveres Aroma erzielt man, wenn man das Gew\u00fcrz vor der Beigabe in Pflanzen\u00f6l oder Ghee aufsch\u00e4umt &#8211; jetzt besonders preiswert bestellen!<\/p>\n","protected":false},"excerpt":{"rendered":"<p>Sonnentor Kurkuma gemahlen bio in der 40 g Packung leuchtet Goldgelb und besitzt ein besonders blumig-holziges Aroma. Kurkuma, auch unter Gelbwurz bekannt, darf in keinem Curry fehlen und passt hervorragend zu Reisgerichten, Eint\u00f6pfen oder Linsen. Ein intensiveres Aroma erzielt man, wenn man das Gew\u00fcrz vor der Beigabe in Pflanzen\u00f6l oder Ghee aufsch\u00e4umt &#8211; jetzt besonders [&hellip;]<\/p>\n","protected":false},"featured_media":133195,"template":"","meta":{"_acf_changed":false},"product_brand":[925],"product_cat":[791],"product_tag":[],"class_list":{"0":"post-133193","1":"product","2":"type-product","3":"status-publish","4":"has-post-thumbnail","6":"product_brand-sonnentor","7":"product_cat-s","8":"pa_packungsgroesse-40g","10":"first","11":"instock","12":"shipping-taxable","13":"purchasable","14":"product-type-simple"},"acf":[],"_links":{"self":[{"href":"https:\/\/www.ernstbrunn-apotheke.at\/katalog\/wp-json\/wp\/v2\/product\/133193","targetHints":{"allow":["GET"]}}],"collection":[{"href":"https:\/\/www.ernstbrunn-apotheke.at\/katalog\/wp-json\/wp\/v2\/product"}],"about":[{"href":"https:\/\/www.ernstbrunn-apotheke.at\/katalog\/wp-json\/wp\/v2\/types\/product"}],"wp:featuredmedia":[{"embeddable":true,"href":"https:\/\/www.ernstbrunn-apotheke.at\/katalog\/wp-json\/wp\/v2\/media\/133195"}],"wp:attachment":[{"href":"https:\/\/www.ernstbrunn-apotheke.at\/katalog\/wp-json\/wp\/v2\/media?parent=133193"}],"wp:term":[{"taxonomy":"product_brand","embeddable":true,"href":"https:\/\/www.ernstbrunn-apotheke.at\/katalog\/wp-json\/wp\/v2\/product_brand?post=133193"},{"taxonomy":"product_cat","embeddable":true,"href":"https:\/\/www.ernstbrunn-apotheke.at\/katalog\/wp-json\/wp\/v2\/product_cat?post=133193"},{"taxonomy":"product_tag","embeddable":true,"href":"https:\/\/www.ernstbrunn-apotheke.at\/katalog\/wp-json\/wp\/v2\/product_tag?post=133193"}],"curies":[{"name":"wp","href":"https:\/\/api.w.org\/{rel}","templated":true}]}}