{"id":133183,"date":"2025-11-14T14:55:44","date_gmt":"2025-11-14T13:55:44","guid":{"rendered":"https:\/\/www.ernstbrunn-apotheke.at\/katalog\/produkt\/sonnentor-kuemmel-gemahlen-60-g-bio\/"},"modified":"2025-12-09T10:19:01","modified_gmt":"2025-12-09T09:19:01","slug":"sonnentor-kuemmel-gemahlen-60-g-bio","status":"publish","type":"product","link":"https:\/\/www.ernstbrunn-apotheke.at\/katalog\/produkt\/sonnentor-kuemmel-gemahlen-60-g-bio\/","title":{"rendered":"Sonnentor K\u00fcmmel gemahlen 60 g BIO"},"content":{"rendered":"<p>Der Sonnentor K\u00fcmmel gemahlen in der 60 g Packung garantiert mit seinem scharfen, bitters\u00fc\u00dfen Aroma einen k\u00f6stliche Schweinebraten, herrlich-w\u00fcrziges Brot oder und aromatisches Sauerkraut. K\u00fcmmel z\u00e4hlt zu den \u00e4ltesten Gew\u00fcrzen, die in unserem Kulturkreis verwendet werden. Der heimische und besonders f\u00fcr&#8217;s Waldviertel typische Wiesenk\u00fcmmel ist, im Gegensatz zum asiatischen Kreuzk\u00fcmmel, angenehm mild im Geschmack. Den K\u00fcmmel vor der Verwendung leicht angr\u00f6sten und enfaltet sein feine Aromen besonders gut und ist aus keinem Gew\u00fcrzregal wegzudenken.<\/p>\n","protected":false},"excerpt":{"rendered":"<p>Der Sonnentor K\u00fcmmel gemahlen in der 60 g Packung garantiert mit seinem scharfen, bitters\u00fc\u00dfen Aroma einen k\u00f6stliche Schweinebraten, herrlich-w\u00fcrziges Brot oder und aromatisches Sauerkraut. K\u00fcmmel z\u00e4hlt zu den \u00e4ltesten Gew\u00fcrzen, die in unserem Kulturkreis verwendet werden. Der heimische und besonders f\u00fcr&#8217;s Waldviertel typische Wiesenk\u00fcmmel ist, im Gegensatz zum asiatischen Kreuzk\u00fcmmel, angenehm mild im Geschmack. Den [&hellip;]<\/p>\n","protected":false},"featured_media":133185,"template":"","meta":{"_acf_changed":false},"product_brand":[925],"product_cat":[791],"product_tag":[],"class_list":{"0":"post-133183","1":"product","2":"type-product","3":"status-publish","4":"has-post-thumbnail","6":"product_brand-sonnentor","7":"product_cat-s","8":"pa_packungsgroesse-60g","10":"first","11":"instock","12":"shipping-taxable","13":"purchasable","14":"product-type-simple"},"acf":[],"_links":{"self":[{"href":"https:\/\/www.ernstbrunn-apotheke.at\/katalog\/wp-json\/wp\/v2\/product\/133183","targetHints":{"allow":["GET"]}}],"collection":[{"href":"https:\/\/www.ernstbrunn-apotheke.at\/katalog\/wp-json\/wp\/v2\/product"}],"about":[{"href":"https:\/\/www.ernstbrunn-apotheke.at\/katalog\/wp-json\/wp\/v2\/types\/product"}],"wp:featuredmedia":[{"embeddable":true,"href":"https:\/\/www.ernstbrunn-apotheke.at\/katalog\/wp-json\/wp\/v2\/media\/133185"}],"wp:attachment":[{"href":"https:\/\/www.ernstbrunn-apotheke.at\/katalog\/wp-json\/wp\/v2\/media?parent=133183"}],"wp:term":[{"taxonomy":"product_brand","embeddable":true,"href":"https:\/\/www.ernstbrunn-apotheke.at\/katalog\/wp-json\/wp\/v2\/product_brand?post=133183"},{"taxonomy":"product_cat","embeddable":true,"href":"https:\/\/www.ernstbrunn-apotheke.at\/katalog\/wp-json\/wp\/v2\/product_cat?post=133183"},{"taxonomy":"product_tag","embeddable":true,"href":"https:\/\/www.ernstbrunn-apotheke.at\/katalog\/wp-json\/wp\/v2\/product_tag?post=133183"}],"curies":[{"name":"wp","href":"https:\/\/api.w.org\/{rel}","templated":true}]}}