{"id":133169,"date":"2025-11-14T14:54:55","date_gmt":"2025-11-14T13:54:55","guid":{"rendered":"https:\/\/www.ernstbrunn-apotheke.at\/katalog\/produkt\/sonnentor-kreuzkuemmel-gemahlen-40g-bio\/"},"modified":"2025-12-09T10:18:58","modified_gmt":"2025-12-09T09:18:58","slug":"sonnentor-kreuzkuemmel-gemahlen-40g-bio","status":"publish","type":"product","link":"https:\/\/www.ernstbrunn-apotheke.at\/katalog\/produkt\/sonnentor-kreuzkuemmel-gemahlen-40g-bio\/","title":{"rendered":"Sonnentor Kreuzk\u00fcmmel gemahlen 40g BIO"},"content":{"rendered":"<p>Der Sonnentor Kreuzk\u00fcmmel gemahlen im 40 g P\u00e4ckchen besitzt ein schweres, volles, aber auch s\u00fc\u00dfliches Aroma, das von einer frischen Mentholnote abgerundet wird und ist absolut einzigartig. Kreuzk\u00fcmmel ist wohl das Hauptgew\u00fcrz der indischen K\u00fcche, Gew\u00fcrzmischungen wie Curry oder auch Garam Masala und Tandoori-Mischungen w\u00e4ren ohne ihn undenkbar. Ihren vollen Geschmack entfalten die Kreuzk\u00fcmmelsamen, wenn man sie vor der Verwendung leicht anr\u00f6stet.<\/p>\n","protected":false},"excerpt":{"rendered":"<p>Der Sonnentor Kreuzk\u00fcmmel gemahlen im 40 g P\u00e4ckchen besitzt ein schweres, volles, aber auch s\u00fc\u00dfliches Aroma, das von einer frischen Mentholnote abgerundet wird und ist absolut einzigartig. Kreuzk\u00fcmmel ist wohl das Hauptgew\u00fcrz der indischen K\u00fcche, Gew\u00fcrzmischungen wie Curry oder auch Garam Masala und Tandoori-Mischungen w\u00e4ren ohne ihn undenkbar. Ihren vollen Geschmack entfalten die Kreuzk\u00fcmmelsamen, wenn [&hellip;]<\/p>\n","protected":false},"featured_media":133171,"template":"","meta":{"_acf_changed":false},"product_brand":[925],"product_cat":[791],"product_tag":[],"class_list":{"0":"post-133169","1":"product","2":"type-product","3":"status-publish","4":"has-post-thumbnail","6":"product_brand-sonnentor","7":"product_cat-s","8":"pa_packungsgroesse-40g","10":"first","11":"instock","12":"shipping-taxable","13":"purchasable","14":"product-type-simple"},"acf":[],"_links":{"self":[{"href":"https:\/\/www.ernstbrunn-apotheke.at\/katalog\/wp-json\/wp\/v2\/product\/133169","targetHints":{"allow":["GET"]}}],"collection":[{"href":"https:\/\/www.ernstbrunn-apotheke.at\/katalog\/wp-json\/wp\/v2\/product"}],"about":[{"href":"https:\/\/www.ernstbrunn-apotheke.at\/katalog\/wp-json\/wp\/v2\/types\/product"}],"wp:featuredmedia":[{"embeddable":true,"href":"https:\/\/www.ernstbrunn-apotheke.at\/katalog\/wp-json\/wp\/v2\/media\/133171"}],"wp:attachment":[{"href":"https:\/\/www.ernstbrunn-apotheke.at\/katalog\/wp-json\/wp\/v2\/media?parent=133169"}],"wp:term":[{"taxonomy":"product_brand","embeddable":true,"href":"https:\/\/www.ernstbrunn-apotheke.at\/katalog\/wp-json\/wp\/v2\/product_brand?post=133169"},{"taxonomy":"product_cat","embeddable":true,"href":"https:\/\/www.ernstbrunn-apotheke.at\/katalog\/wp-json\/wp\/v2\/product_cat?post=133169"},{"taxonomy":"product_tag","embeddable":true,"href":"https:\/\/www.ernstbrunn-apotheke.at\/katalog\/wp-json\/wp\/v2\/product_tag?post=133169"}],"curies":[{"name":"wp","href":"https:\/\/api.w.org\/{rel}","templated":true}]}}