{"id":133135,"date":"2025-11-14T14:54:10","date_gmt":"2025-11-14T13:54:10","guid":{"rendered":"https:\/\/www.ernstbrunn-apotheke.at\/katalog\/produkt\/sonnentor-kokosbluetenzucker-300-g-gastrodose-bio\/"},"modified":"2025-12-09T10:18:57","modified_gmt":"2025-12-09T09:18:57","slug":"sonnentor-kokosbluetenzucker-300-g-gastrodose-bio","status":"publish","type":"product","link":"https:\/\/www.ernstbrunn-apotheke.at\/katalog\/produkt\/sonnentor-kokosbluetenzucker-300-g-gastrodose-bio\/","title":{"rendered":"Sonnentor Kokosbl\u00fctenzucker 300 g Gastrodose BIO"},"content":{"rendered":"<p>Der Sonnentor Kokosbl\u00fctenzucker in der 300 g Gastrodose wird aus dem Bl\u00fctennektar der Kokospalme gewonnen und dann in Kesseln \u00fcber dem Feuer erhitzt bis er granuliert. Kokosbl\u00fctenzucker ist nicht nur der nachhaltigste Zucker sondern er verf\u00fchrt auch mit seinem einzigartigen, karamelligen Geschmack.<\/p>\n","protected":false},"excerpt":{"rendered":"<p>Der Sonnentor Kokosbl\u00fctenzucker in der 300 g Gastrodose wird aus dem Bl\u00fctennektar der Kokospalme gewonnen und dann in Kesseln \u00fcber dem Feuer erhitzt bis er granuliert. Kokosbl\u00fctenzucker ist nicht nur der nachhaltigste Zucker sondern er verf\u00fchrt auch mit seinem einzigartigen, karamelligen Geschmack.<\/p>\n","protected":false},"featured_media":133137,"template":"","meta":{"_acf_changed":false},"product_brand":[925],"product_cat":[791],"product_tag":[],"class_list":{"0":"post-133135","1":"product","2":"type-product","3":"status-publish","4":"has-post-thumbnail","6":"product_brand-sonnentor","7":"product_cat-s","8":"pa_packungsgroesse-300g","10":"first","11":"instock","12":"shipping-taxable","13":"purchasable","14":"product-type-simple"},"acf":[],"_links":{"self":[{"href":"https:\/\/www.ernstbrunn-apotheke.at\/katalog\/wp-json\/wp\/v2\/product\/133135","targetHints":{"allow":["GET"]}}],"collection":[{"href":"https:\/\/www.ernstbrunn-apotheke.at\/katalog\/wp-json\/wp\/v2\/product"}],"about":[{"href":"https:\/\/www.ernstbrunn-apotheke.at\/katalog\/wp-json\/wp\/v2\/types\/product"}],"wp:featuredmedia":[{"embeddable":true,"href":"https:\/\/www.ernstbrunn-apotheke.at\/katalog\/wp-json\/wp\/v2\/media\/133137"}],"wp:attachment":[{"href":"https:\/\/www.ernstbrunn-apotheke.at\/katalog\/wp-json\/wp\/v2\/media?parent=133135"}],"wp:term":[{"taxonomy":"product_brand","embeddable":true,"href":"https:\/\/www.ernstbrunn-apotheke.at\/katalog\/wp-json\/wp\/v2\/product_brand?post=133135"},{"taxonomy":"product_cat","embeddable":true,"href":"https:\/\/www.ernstbrunn-apotheke.at\/katalog\/wp-json\/wp\/v2\/product_cat?post=133135"},{"taxonomy":"product_tag","embeddable":true,"href":"https:\/\/www.ernstbrunn-apotheke.at\/katalog\/wp-json\/wp\/v2\/product_tag?post=133135"}],"curies":[{"name":"wp","href":"https:\/\/api.w.org\/{rel}","templated":true}]}}