{"id":133108,"date":"2025-11-14T14:54:10","date_gmt":"2025-11-14T13:54:10","guid":{"rendered":"https:\/\/www.ernstbrunn-apotheke.at\/katalog\/produkt\/sonnentor-ingwer-gluecksbaerchen-gummibaerchen-100-g-bio\/"},"modified":"2025-12-09T10:18:54","modified_gmt":"2025-12-09T09:18:54","slug":"sonnentor-ingwer-gluecksbaerchen-gummibaerchen-100-g-bio","status":"publish","type":"product","link":"https:\/\/www.ernstbrunn-apotheke.at\/katalog\/produkt\/sonnentor-ingwer-gluecksbaerchen-gummibaerchen-100-g-bio\/","title":{"rendered":"Sonnentor Ingwer Gl\u00fccksb\u00e4rchen Gummib\u00e4rchen 100 g BIO"},"content":{"rendered":"<p>Die Sonnentor Ingwer Gl\u00fccksb\u00e4rchen\u00ae Gummib\u00e4rchen in der 100 g Packung sind die unwiderstehlich frische Gummib\u00e4rchen-Alternative f\u00fcr Erwachsene. Die feine Kombination aus S\u00fc\u00dfe und Ingwerw\u00fcrze und der Verzicht auf tierische Gelatine garantiert einen b\u00e4rigen Genuss.<\/p>\n","protected":false},"excerpt":{"rendered":"<p>Die Sonnentor Ingwer Gl\u00fccksb\u00e4rchen\u00ae Gummib\u00e4rchen in der 100 g Packung sind die unwiderstehlich frische Gummib\u00e4rchen-Alternative f\u00fcr Erwachsene. Die feine Kombination aus S\u00fc\u00dfe und Ingwerw\u00fcrze und der Verzicht auf tierische Gelatine garantiert einen b\u00e4rigen Genuss.<\/p>\n","protected":false},"featured_media":133110,"template":"","meta":{"_acf_changed":false},"product_brand":[925],"product_cat":[791],"product_tag":[],"class_list":{"0":"post-133108","1":"product","2":"type-product","3":"status-publish","4":"has-post-thumbnail","6":"product_brand-sonnentor","7":"product_cat-s","8":"pa_packungsgroesse-100g","10":"first","11":"instock","12":"shipping-taxable","13":"purchasable","14":"product-type-simple"},"acf":[],"_links":{"self":[{"href":"https:\/\/www.ernstbrunn-apotheke.at\/katalog\/wp-json\/wp\/v2\/product\/133108","targetHints":{"allow":["GET"]}}],"collection":[{"href":"https:\/\/www.ernstbrunn-apotheke.at\/katalog\/wp-json\/wp\/v2\/product"}],"about":[{"href":"https:\/\/www.ernstbrunn-apotheke.at\/katalog\/wp-json\/wp\/v2\/types\/product"}],"wp:featuredmedia":[{"embeddable":true,"href":"https:\/\/www.ernstbrunn-apotheke.at\/katalog\/wp-json\/wp\/v2\/media\/133110"}],"wp:attachment":[{"href":"https:\/\/www.ernstbrunn-apotheke.at\/katalog\/wp-json\/wp\/v2\/media?parent=133108"}],"wp:term":[{"taxonomy":"product_brand","embeddable":true,"href":"https:\/\/www.ernstbrunn-apotheke.at\/katalog\/wp-json\/wp\/v2\/product_brand?post=133108"},{"taxonomy":"product_cat","embeddable":true,"href":"https:\/\/www.ernstbrunn-apotheke.at\/katalog\/wp-json\/wp\/v2\/product_cat?post=133108"},{"taxonomy":"product_tag","embeddable":true,"href":"https:\/\/www.ernstbrunn-apotheke.at\/katalog\/wp-json\/wp\/v2\/product_tag?post=133108"}],"curies":[{"name":"wp","href":"https:\/\/api.w.org\/{rel}","templated":true}]}}