{"id":133083,"date":"2025-11-14T14:53:17","date_gmt":"2025-11-14T13:53:17","guid":{"rendered":"https:\/\/www.ernstbrunn-apotheke.at\/katalog\/produkt\/sonnentor-hildegard-tee-fenchel-bio-200-g\/"},"modified":"2025-12-09T10:18:52","modified_gmt":"2025-12-09T09:18:52","slug":"sonnentor-hildegard-tee-fenchel-bio-200-g","status":"publish","type":"product","link":"https:\/\/www.ernstbrunn-apotheke.at\/katalog\/produkt\/sonnentor-hildegard-tee-fenchel-bio-200-g\/","title":{"rendered":"Sonnentor Hildegard Tee Fenchel Bio 200 g"},"content":{"rendered":"<p>Mit seinen vielen wunderbaren Eigenschaften ist der Fenchel nicht nur bei M\u00fcttern und Kindern beliebt. Im Geschmack s\u00fc\u00dflich, w\u00fcrzig und frisch, eignet sich der Fenchel wunderbar als Digestif nach einem \u00fcppigen Festessen..<\/p>\n","protected":false},"excerpt":{"rendered":"<p>Mit seinen vielen wunderbaren Eigenschaften ist der Fenchel nicht nur bei M\u00fcttern und Kindern beliebt. Im Geschmack s\u00fc\u00dflich, w\u00fcrzig und frisch, eignet sich der Fenchel wunderbar als Digestif nach einem \u00fcppigen Festessen..<\/p>\n","protected":false},"featured_media":133085,"template":"","meta":{"_acf_changed":false},"product_brand":[925],"product_cat":[791],"product_tag":[],"class_list":{"0":"post-133083","1":"product","2":"type-product","3":"status-publish","4":"has-post-thumbnail","6":"product_brand-sonnentor","7":"product_cat-s","8":"pa_packungsgroesse-200g","10":"first","11":"instock","12":"shipping-taxable","13":"purchasable","14":"product-type-simple"},"acf":[],"_links":{"self":[{"href":"https:\/\/www.ernstbrunn-apotheke.at\/katalog\/wp-json\/wp\/v2\/product\/133083","targetHints":{"allow":["GET"]}}],"collection":[{"href":"https:\/\/www.ernstbrunn-apotheke.at\/katalog\/wp-json\/wp\/v2\/product"}],"about":[{"href":"https:\/\/www.ernstbrunn-apotheke.at\/katalog\/wp-json\/wp\/v2\/types\/product"}],"wp:featuredmedia":[{"embeddable":true,"href":"https:\/\/www.ernstbrunn-apotheke.at\/katalog\/wp-json\/wp\/v2\/media\/133085"}],"wp:attachment":[{"href":"https:\/\/www.ernstbrunn-apotheke.at\/katalog\/wp-json\/wp\/v2\/media?parent=133083"}],"wp:term":[{"taxonomy":"product_brand","embeddable":true,"href":"https:\/\/www.ernstbrunn-apotheke.at\/katalog\/wp-json\/wp\/v2\/product_brand?post=133083"},{"taxonomy":"product_cat","embeddable":true,"href":"https:\/\/www.ernstbrunn-apotheke.at\/katalog\/wp-json\/wp\/v2\/product_cat?post=133083"},{"taxonomy":"product_tag","embeddable":true,"href":"https:\/\/www.ernstbrunn-apotheke.at\/katalog\/wp-json\/wp\/v2\/product_tag?post=133083"}],"curies":[{"name":"wp","href":"https:\/\/api.w.org\/{rel}","templated":true}]}}