{"id":133060,"date":"2025-11-14T14:52:37","date_gmt":"2025-11-14T13:52:37","guid":{"rendered":"https:\/\/www.ernstbrunn-apotheke.at\/katalog\/produkt\/sonnentor-alles-im-gruenen-salatgewuerz-packung-20-g\/"},"modified":"2025-12-09T10:18:50","modified_gmt":"2025-12-09T09:18:50","slug":"sonnentor-alles-im-gruenen-salatgewuerz-packung-20-g","status":"publish","type":"product","link":"https:\/\/www.ernstbrunn-apotheke.at\/katalog\/produkt\/sonnentor-alles-im-gruenen-salatgewuerz-packung-20-g\/","title":{"rendered":"Sonnentor Alles im Gr\u00fcnen Salatgew\u00fcrz Packung 20 g"},"content":{"rendered":"<p>Das Sonnentor Alles im Gr\u00fcnen\u00ae Salatgew\u00fcrz in der 20 g Packung begeistert eingeschworene Salatfans und hat das Zeug dazu, auch die hartn\u00e4ckigsten Salatverweigerer zu \u00fcberzeugen: Brennnessel, Petersilie, Thymian und B\u00e4rlauch sorgen f\u00fcr intensiven Geschmack, Kornblumen und andere bunte Bl\u00fcten sorgen f\u00fcr die optische Kr\u00f6nung der Salatsch\u00fcssel.<\/p>\n","protected":false},"excerpt":{"rendered":"<p>Das Sonnentor Alles im Gr\u00fcnen\u00ae Salatgew\u00fcrz in der 20 g Packung begeistert eingeschworene Salatfans und hat das Zeug dazu, auch die hartn\u00e4ckigsten Salatverweigerer zu \u00fcberzeugen: Brennnessel, Petersilie, Thymian und B\u00e4rlauch sorgen f\u00fcr intensiven Geschmack, Kornblumen und andere bunte Bl\u00fcten sorgen f\u00fcr die optische Kr\u00f6nung der Salatsch\u00fcssel.<\/p>\n","protected":false},"featured_media":133062,"template":"","meta":{"_acf_changed":false},"product_brand":[925],"product_cat":[791],"product_tag":[],"class_list":{"0":"post-133060","1":"product","2":"type-product","3":"status-publish","4":"has-post-thumbnail","6":"product_brand-sonnentor","7":"product_cat-s","8":"pa_packungsgroesse-15g","10":"first","11":"instock","12":"shipping-taxable","13":"purchasable","14":"product-type-simple"},"acf":[],"_links":{"self":[{"href":"https:\/\/www.ernstbrunn-apotheke.at\/katalog\/wp-json\/wp\/v2\/product\/133060","targetHints":{"allow":["GET"]}}],"collection":[{"href":"https:\/\/www.ernstbrunn-apotheke.at\/katalog\/wp-json\/wp\/v2\/product"}],"about":[{"href":"https:\/\/www.ernstbrunn-apotheke.at\/katalog\/wp-json\/wp\/v2\/types\/product"}],"wp:featuredmedia":[{"embeddable":true,"href":"https:\/\/www.ernstbrunn-apotheke.at\/katalog\/wp-json\/wp\/v2\/media\/133062"}],"wp:attachment":[{"href":"https:\/\/www.ernstbrunn-apotheke.at\/katalog\/wp-json\/wp\/v2\/media?parent=133060"}],"wp:term":[{"taxonomy":"product_brand","embeddable":true,"href":"https:\/\/www.ernstbrunn-apotheke.at\/katalog\/wp-json\/wp\/v2\/product_brand?post=133060"},{"taxonomy":"product_cat","embeddable":true,"href":"https:\/\/www.ernstbrunn-apotheke.at\/katalog\/wp-json\/wp\/v2\/product_cat?post=133060"},{"taxonomy":"product_tag","embeddable":true,"href":"https:\/\/www.ernstbrunn-apotheke.at\/katalog\/wp-json\/wp\/v2\/product_tag?post=133060"}],"curies":[{"name":"wp","href":"https:\/\/api.w.org\/{rel}","templated":true}]}}