{"id":133046,"date":"2025-11-14T14:52:37","date_gmt":"2025-11-14T13:52:37","guid":{"rendered":"https:\/\/www.ernstbrunn-apotheke.at\/katalog\/produkt\/sonnentor-aladins-kaffeegewuerz-streudose-35-g-bio\/"},"modified":"2025-12-09T10:18:50","modified_gmt":"2025-12-09T09:18:50","slug":"sonnentor-aladins-kaffeegewuerz-streudose-35-g-bio","status":"publish","type":"product","link":"https:\/\/www.ernstbrunn-apotheke.at\/katalog\/produkt\/sonnentor-aladins-kaffeegewuerz-streudose-35-g-bio\/","title":{"rendered":"Sonnentor Aladins Kaffeegew\u00fcrz Streudose 35 g BIO"},"content":{"rendered":"<p>Sonnentor Aladin&#8217;s Kaffeegew\u00fcrz in der 35 g Streudose verleiht, eine Prise des Gew\u00fcrz dem Kaffee beigemengt, ein traumhaftes Aroma nach 1001 Nacht. Der enthaltene Zimt und Kardamom f\u00f6rdern au\u00dferdem die Bek\u00f6mmlichkeit und passen auch sehr gut zu Desserts und orientalischen Speisen<\/p>\n","protected":false},"excerpt":{"rendered":"<p>Sonnentor Aladin&#8217;s Kaffeegew\u00fcrz in der 35 g Streudose verleiht, eine Prise des Gew\u00fcrz dem Kaffee beigemengt, ein traumhaftes Aroma nach 1001 Nacht. Der enthaltene Zimt und Kardamom f\u00f6rdern au\u00dferdem die Bek\u00f6mmlichkeit und passen auch sehr gut zu Desserts und orientalischen Speisen<\/p>\n","protected":false},"featured_media":133048,"template":"","meta":{"_acf_changed":false},"product_brand":[925],"product_cat":[791],"product_tag":[],"class_list":{"0":"post-133046","1":"product","2":"type-product","3":"status-publish","4":"has-post-thumbnail","6":"product_brand-sonnentor","7":"product_cat-s","8":"pa_packungsgroesse-35g","10":"first","11":"instock","12":"shipping-taxable","13":"purchasable","14":"product-type-simple"},"acf":[],"_links":{"self":[{"href":"https:\/\/www.ernstbrunn-apotheke.at\/katalog\/wp-json\/wp\/v2\/product\/133046","targetHints":{"allow":["GET"]}}],"collection":[{"href":"https:\/\/www.ernstbrunn-apotheke.at\/katalog\/wp-json\/wp\/v2\/product"}],"about":[{"href":"https:\/\/www.ernstbrunn-apotheke.at\/katalog\/wp-json\/wp\/v2\/types\/product"}],"wp:featuredmedia":[{"embeddable":true,"href":"https:\/\/www.ernstbrunn-apotheke.at\/katalog\/wp-json\/wp\/v2\/media\/133048"}],"wp:attachment":[{"href":"https:\/\/www.ernstbrunn-apotheke.at\/katalog\/wp-json\/wp\/v2\/media?parent=133046"}],"wp:term":[{"taxonomy":"product_brand","embeddable":true,"href":"https:\/\/www.ernstbrunn-apotheke.at\/katalog\/wp-json\/wp\/v2\/product_brand?post=133046"},{"taxonomy":"product_cat","embeddable":true,"href":"https:\/\/www.ernstbrunn-apotheke.at\/katalog\/wp-json\/wp\/v2\/product_cat?post=133046"},{"taxonomy":"product_tag","embeddable":true,"href":"https:\/\/www.ernstbrunn-apotheke.at\/katalog\/wp-json\/wp\/v2\/product_tag?post=133046"}],"curies":[{"name":"wp","href":"https:\/\/api.w.org\/{rel}","templated":true}]}}