{"id":133041,"date":"2025-11-14T14:52:37","date_gmt":"2025-11-14T13:52:37","guid":{"rendered":"https:\/\/www.ernstbrunn-apotheke.at\/katalog\/produkt\/sonnentor-holy-veggie-grillgewuerz-packung-30-g-bio\/"},"modified":"2025-12-09T10:18:48","modified_gmt":"2025-12-09T09:18:48","slug":"sonnentor-holy-veggie-grillgewuerz-packung-30-g-bio","status":"publish","type":"product","link":"https:\/\/www.ernstbrunn-apotheke.at\/katalog\/produkt\/sonnentor-holy-veggie-grillgewuerz-packung-30-g-bio\/","title":{"rendered":"Sonnentor Holy Veggie Grillgew\u00fcrz Packung 30 g BIO"},"content":{"rendered":"<p>Sonnentor Holy Veggie Grillgew\u00fcrz r\u00fcckt das Gem\u00fcse ins Scheinwerferlicht einer jeden Grillerei. B\u00e4rlauch und Alge sorgen f\u00fcr besondere Aromen, die die vermeintliche Beilage ganz schnell zum Mittelpunkt der Aufmerksamkeit machen. Mit \u00d6l mischen und Gem\u00fcse damit bestreichen..<\/p>\n","protected":false},"excerpt":{"rendered":"<p>Sonnentor Holy Veggie Grillgew\u00fcrz r\u00fcckt das Gem\u00fcse ins Scheinwerferlicht einer jeden Grillerei. B\u00e4rlauch und Alge sorgen f\u00fcr besondere Aromen, die die vermeintliche Beilage ganz schnell zum Mittelpunkt der Aufmerksamkeit machen. Mit \u00d6l mischen und Gem\u00fcse damit bestreichen..<\/p>\n","protected":false},"featured_media":133043,"template":"","meta":{"_acf_changed":false},"product_brand":[925],"product_cat":[791],"product_tag":[],"class_list":{"0":"post-133041","1":"product","2":"type-product","3":"status-publish","4":"has-post-thumbnail","6":"product_brand-sonnentor","7":"product_cat-s","8":"pa_packungsgroesse-30g","10":"first","11":"instock","12":"shipping-taxable","13":"purchasable","14":"product-type-simple"},"acf":[],"_links":{"self":[{"href":"https:\/\/www.ernstbrunn-apotheke.at\/katalog\/wp-json\/wp\/v2\/product\/133041","targetHints":{"allow":["GET"]}}],"collection":[{"href":"https:\/\/www.ernstbrunn-apotheke.at\/katalog\/wp-json\/wp\/v2\/product"}],"about":[{"href":"https:\/\/www.ernstbrunn-apotheke.at\/katalog\/wp-json\/wp\/v2\/types\/product"}],"wp:featuredmedia":[{"embeddable":true,"href":"https:\/\/www.ernstbrunn-apotheke.at\/katalog\/wp-json\/wp\/v2\/media\/133043"}],"wp:attachment":[{"href":"https:\/\/www.ernstbrunn-apotheke.at\/katalog\/wp-json\/wp\/v2\/media?parent=133041"}],"wp:term":[{"taxonomy":"product_brand","embeddable":true,"href":"https:\/\/www.ernstbrunn-apotheke.at\/katalog\/wp-json\/wp\/v2\/product_brand?post=133041"},{"taxonomy":"product_cat","embeddable":true,"href":"https:\/\/www.ernstbrunn-apotheke.at\/katalog\/wp-json\/wp\/v2\/product_cat?post=133041"},{"taxonomy":"product_tag","embeddable":true,"href":"https:\/\/www.ernstbrunn-apotheke.at\/katalog\/wp-json\/wp\/v2\/product_tag?post=133041"}],"curies":[{"name":"wp","href":"https:\/\/api.w.org\/{rel}","templated":true}]}}