{"id":133001,"date":"2025-11-14T14:51:37","date_gmt":"2025-11-14T13:51:37","guid":{"rendered":"https:\/\/www.ernstbrunn-apotheke.at\/katalog\/produkt\/sonnentor-schutzengel-gewuerz-blueten-zubereitung-streudose-35-g-bio\/"},"modified":"2025-12-09T10:18:46","modified_gmt":"2025-12-09T09:18:46","slug":"sonnentor-schutzengel-gewuerz-blueten-zubereitung-streudose-35-g-bio","status":"publish","type":"product","link":"https:\/\/www.ernstbrunn-apotheke.at\/katalog\/produkt\/sonnentor-schutzengel-gewuerz-blueten-zubereitung-streudose-35-g-bio\/","title":{"rendered":"Sonnentor Schutzengel Gew\u00fcrz-Bl\u00fcten-Zubereitung Streudose 35 g BIO"},"content":{"rendered":"<p>Die Sonnentor Schutzengel\u00ae Gew\u00fcrz-Bl\u00fcten-Zubereitung in der 25 g Streudose ist eine harmonische Komposition aus Minze, Ingwer und Knoblauch und wird durch eine leichte Sch\u00e4rfe unterstrichen. Himmlisch w\u00fcrzig erscheint die Gew\u00fcrzmischung in den sch\u00f6nsten Farben des Regenbogens und passt besonders gut zu Reisgerichten, Huhn, Lamm und Gem\u00fcse sowie Nudeln und Salatdressings.<\/p>\n","protected":false},"excerpt":{"rendered":"<p>Die Sonnentor Schutzengel\u00ae Gew\u00fcrz-Bl\u00fcten-Zubereitung in der 25 g Streudose ist eine harmonische Komposition aus Minze, Ingwer und Knoblauch und wird durch eine leichte Sch\u00e4rfe unterstrichen. Himmlisch w\u00fcrzig erscheint die Gew\u00fcrzmischung in den sch\u00f6nsten Farben des Regenbogens und passt besonders gut zu Reisgerichten, Huhn, Lamm und Gem\u00fcse sowie Nudeln und Salatdressings.<\/p>\n","protected":false},"featured_media":133003,"template":"","meta":{"_acf_changed":false},"product_brand":[925],"product_cat":[791],"product_tag":[],"class_list":{"0":"post-133001","1":"product","2":"type-product","3":"status-publish","4":"has-post-thumbnail","6":"product_brand-sonnentor","7":"product_cat-s","8":"pa_packungsgroesse-35g","10":"first","11":"instock","12":"shipping-taxable","13":"purchasable","14":"product-type-simple"},"acf":[],"_links":{"self":[{"href":"https:\/\/www.ernstbrunn-apotheke.at\/katalog\/wp-json\/wp\/v2\/product\/133001","targetHints":{"allow":["GET"]}}],"collection":[{"href":"https:\/\/www.ernstbrunn-apotheke.at\/katalog\/wp-json\/wp\/v2\/product"}],"about":[{"href":"https:\/\/www.ernstbrunn-apotheke.at\/katalog\/wp-json\/wp\/v2\/types\/product"}],"wp:featuredmedia":[{"embeddable":true,"href":"https:\/\/www.ernstbrunn-apotheke.at\/katalog\/wp-json\/wp\/v2\/media\/133003"}],"wp:attachment":[{"href":"https:\/\/www.ernstbrunn-apotheke.at\/katalog\/wp-json\/wp\/v2\/media?parent=133001"}],"wp:term":[{"taxonomy":"product_brand","embeddable":true,"href":"https:\/\/www.ernstbrunn-apotheke.at\/katalog\/wp-json\/wp\/v2\/product_brand?post=133001"},{"taxonomy":"product_cat","embeddable":true,"href":"https:\/\/www.ernstbrunn-apotheke.at\/katalog\/wp-json\/wp\/v2\/product_cat?post=133001"},{"taxonomy":"product_tag","embeddable":true,"href":"https:\/\/www.ernstbrunn-apotheke.at\/katalog\/wp-json\/wp\/v2\/product_tag?post=133001"}],"curies":[{"name":"wp","href":"https:\/\/api.w.org\/{rel}","templated":true}]}}