{"id":132981,"date":"2025-11-14T14:51:37","date_gmt":"2025-11-14T13:51:37","guid":{"rendered":"https:\/\/www.ernstbrunn-apotheke.at\/katalog\/produkt\/sonnentor-laune-gut-alles-gut-gewuerz-blueten-zubereitung-packung-25-g-bio\/"},"modified":"2025-12-09T10:18:44","modified_gmt":"2025-12-09T09:18:44","slug":"sonnentor-laune-gut-alles-gut-gewuerz-blueten-zubereitung-packung-25-g-bio","status":"publish","type":"product","link":"https:\/\/www.ernstbrunn-apotheke.at\/katalog\/produkt\/sonnentor-laune-gut-alles-gut-gewuerz-blueten-zubereitung-packung-25-g-bio\/","title":{"rendered":"Sonnentor Laune gut, alles gut Gew\u00fcrz-Bl\u00fcten-Zubereitung Packung 25 g BIO"},"content":{"rendered":"<p>Die Sonnentor Laune gut, alles gut\u00ae Gew\u00fcrz-Bl\u00fcten-Zubereitung in der 25 g Packung sorgt mit ihrer mediterranen Komposition aus Knoblauch, Oregano, Basilikum, Thymian, Rosenbl\u00fcten und Rosmarin f\u00fcr einen herrlichen Gute-Laune-Schub. Das feine Aroma dieser Zubereitung schmeckt hervorragend in Gem\u00fcse-, Nudel- und Reisgerichten sowie Vorspeisen, Salaten und Terrinen..<\/p>\n","protected":false},"excerpt":{"rendered":"<p>Die Sonnentor Laune gut, alles gut\u00ae Gew\u00fcrz-Bl\u00fcten-Zubereitung in der 25 g Packung sorgt mit ihrer mediterranen Komposition aus Knoblauch, Oregano, Basilikum, Thymian, Rosenbl\u00fcten und Rosmarin f\u00fcr einen herrlichen Gute-Laune-Schub. Das feine Aroma dieser Zubereitung schmeckt hervorragend in Gem\u00fcse-, Nudel- und Reisgerichten sowie Vorspeisen, Salaten und Terrinen..<\/p>\n","protected":false},"featured_media":132983,"template":"","meta":{"_acf_changed":false},"product_brand":[925],"product_cat":[791],"product_tag":[],"class_list":{"0":"post-132981","1":"product","2":"type-product","3":"status-publish","4":"has-post-thumbnail","6":"product_brand-sonnentor","7":"product_cat-s","8":"pa_packungsgroesse-25g","10":"first","11":"instock","12":"shipping-taxable","13":"purchasable","14":"product-type-simple"},"acf":[],"_links":{"self":[{"href":"https:\/\/www.ernstbrunn-apotheke.at\/katalog\/wp-json\/wp\/v2\/product\/132981","targetHints":{"allow":["GET"]}}],"collection":[{"href":"https:\/\/www.ernstbrunn-apotheke.at\/katalog\/wp-json\/wp\/v2\/product"}],"about":[{"href":"https:\/\/www.ernstbrunn-apotheke.at\/katalog\/wp-json\/wp\/v2\/types\/product"}],"wp:featuredmedia":[{"embeddable":true,"href":"https:\/\/www.ernstbrunn-apotheke.at\/katalog\/wp-json\/wp\/v2\/media\/132983"}],"wp:attachment":[{"href":"https:\/\/www.ernstbrunn-apotheke.at\/katalog\/wp-json\/wp\/v2\/media?parent=132981"}],"wp:term":[{"taxonomy":"product_brand","embeddable":true,"href":"https:\/\/www.ernstbrunn-apotheke.at\/katalog\/wp-json\/wp\/v2\/product_brand?post=132981"},{"taxonomy":"product_cat","embeddable":true,"href":"https:\/\/www.ernstbrunn-apotheke.at\/katalog\/wp-json\/wp\/v2\/product_cat?post=132981"},{"taxonomy":"product_tag","embeddable":true,"href":"https:\/\/www.ernstbrunn-apotheke.at\/katalog\/wp-json\/wp\/v2\/product_tag?post=132981"}],"curies":[{"name":"wp","href":"https:\/\/api.w.org\/{rel}","templated":true}]}}