{"id":132971,"date":"2025-11-14T14:50:54","date_gmt":"2025-11-14T13:50:54","guid":{"rendered":"https:\/\/www.ernstbrunn-apotheke.at\/katalog\/produkt\/sonnentor-gluecks-gewuerz-blueten-zubereitung-packung-35-g-bio\/"},"modified":"2025-12-09T10:18:44","modified_gmt":"2025-12-09T09:18:44","slug":"sonnentor-gluecks-gewuerz-blueten-zubereitung-packung-35-g-bio","status":"publish","type":"product","link":"https:\/\/www.ernstbrunn-apotheke.at\/katalog\/produkt\/sonnentor-gluecks-gewuerz-blueten-zubereitung-packung-35-g-bio\/","title":{"rendered":"Sonnentor Gl\u00fccks Gew\u00fcrz-Bl\u00fcten-Zubereitung Packung 35 g BIO"},"content":{"rendered":"<p>Die Sonnentor Gl\u00fccks Gew\u00fcrz-Bl\u00fcten-Zubereitung in der 35 g Packung sorgt mit  mediterranen Kr\u00e4utern wie Basilikum und Oregano, abgerundet mit rosa Pfeffer, roter Beete und Ringelblumen und einer w\u00fcrzigen Lauchnote f\u00fcr nachhaltige Gl\u00fccksgef\u00fchle!  Wunderbar schmeckt diese Mischung zu Kartoffeln, Wurst und Speck und sie verleiht den italienischen Klassikern Nudeln, Pizza und Bruschetta-Br\u00f6tchen einen neuen Touch.<\/p>\n","protected":false},"excerpt":{"rendered":"<p>Die Sonnentor Gl\u00fccks Gew\u00fcrz-Bl\u00fcten-Zubereitung in der 35 g Packung sorgt mit mediterranen Kr\u00e4utern wie Basilikum und Oregano, abgerundet mit rosa Pfeffer, roter Beete und Ringelblumen und einer w\u00fcrzigen Lauchnote f\u00fcr nachhaltige Gl\u00fccksgef\u00fchle! Wunderbar schmeckt diese Mischung zu Kartoffeln, Wurst und Speck und sie verleiht den italienischen Klassikern Nudeln, Pizza und Bruschetta-Br\u00f6tchen einen neuen Touch.<\/p>\n","protected":false},"featured_media":132973,"template":"","meta":{"_acf_changed":false},"product_brand":[925],"product_cat":[791],"product_tag":[],"class_list":{"0":"post-132971","1":"product","2":"type-product","3":"status-publish","4":"has-post-thumbnail","6":"product_brand-sonnentor","7":"product_cat-s","8":"pa_packungsgroesse-35g","10":"first","11":"instock","12":"shipping-taxable","13":"purchasable","14":"product-type-simple"},"acf":[],"_links":{"self":[{"href":"https:\/\/www.ernstbrunn-apotheke.at\/katalog\/wp-json\/wp\/v2\/product\/132971","targetHints":{"allow":["GET"]}}],"collection":[{"href":"https:\/\/www.ernstbrunn-apotheke.at\/katalog\/wp-json\/wp\/v2\/product"}],"about":[{"href":"https:\/\/www.ernstbrunn-apotheke.at\/katalog\/wp-json\/wp\/v2\/types\/product"}],"wp:featuredmedia":[{"embeddable":true,"href":"https:\/\/www.ernstbrunn-apotheke.at\/katalog\/wp-json\/wp\/v2\/media\/132973"}],"wp:attachment":[{"href":"https:\/\/www.ernstbrunn-apotheke.at\/katalog\/wp-json\/wp\/v2\/media?parent=132971"}],"wp:term":[{"taxonomy":"product_brand","embeddable":true,"href":"https:\/\/www.ernstbrunn-apotheke.at\/katalog\/wp-json\/wp\/v2\/product_brand?post=132971"},{"taxonomy":"product_cat","embeddable":true,"href":"https:\/\/www.ernstbrunn-apotheke.at\/katalog\/wp-json\/wp\/v2\/product_cat?post=132971"},{"taxonomy":"product_tag","embeddable":true,"href":"https:\/\/www.ernstbrunn-apotheke.at\/katalog\/wp-json\/wp\/v2\/product_tag?post=132971"}],"curies":[{"name":"wp","href":"https:\/\/api.w.org\/{rel}","templated":true}]}}