{"id":132958,"date":"2025-11-14T14:50:54","date_gmt":"2025-11-14T13:50:54","guid":{"rendered":"https:\/\/www.ernstbrunn-apotheke.at\/katalog\/produkt\/sonnentor-flower-power-gewuerz-blueten-zubereitung-packung-35-g-bio\/"},"modified":"2025-12-09T10:18:43","modified_gmt":"2025-12-09T09:18:43","slug":"sonnentor-flower-power-gewuerz-blueten-zubereitung-packung-35-g-bio","status":"publish","type":"product","link":"https:\/\/www.ernstbrunn-apotheke.at\/katalog\/produkt\/sonnentor-flower-power-gewuerz-blueten-zubereitung-packung-35-g-bio\/","title":{"rendered":"Sonnentor Flower Power Gew\u00fcrz-Bl\u00fcten-Zubereitung Packung 35 g BIO"},"content":{"rendered":"<p>Die Sonnentor Flower Power Gew\u00fcrz-Bl\u00fcten-Zubereitung in der 35 g Packung begeistert alle Hippies in der K\u00fcche und die, die es noch werden wollen! Zauberhaft-bunte Bl\u00fcten, gepaart mit R\u00fcbenzucker, Zimt, Nelken und Vanille sind die Basis dieser farbenfrohen Komposition, die warme und kalte Desserts mit einer lieblichen Blumennote schm\u00fcckt.<\/p>\n","protected":false},"excerpt":{"rendered":"<p>Die Sonnentor Flower Power Gew\u00fcrz-Bl\u00fcten-Zubereitung in der 35 g Packung begeistert alle Hippies in der K\u00fcche und die, die es noch werden wollen! Zauberhaft-bunte Bl\u00fcten, gepaart mit R\u00fcbenzucker, Zimt, Nelken und Vanille sind die Basis dieser farbenfrohen Komposition, die warme und kalte Desserts mit einer lieblichen Blumennote schm\u00fcckt.<\/p>\n","protected":false},"featured_media":132960,"template":"","meta":{"_acf_changed":false},"product_brand":[925],"product_cat":[791],"product_tag":[],"class_list":{"0":"post-132958","1":"product","2":"type-product","3":"status-publish","4":"has-post-thumbnail","6":"product_brand-sonnentor","7":"product_cat-s","8":"pa_packungsgroesse-35g","10":"first","11":"instock","12":"shipping-taxable","13":"purchasable","14":"product-type-simple"},"acf":[],"_links":{"self":[{"href":"https:\/\/www.ernstbrunn-apotheke.at\/katalog\/wp-json\/wp\/v2\/product\/132958","targetHints":{"allow":["GET"]}}],"collection":[{"href":"https:\/\/www.ernstbrunn-apotheke.at\/katalog\/wp-json\/wp\/v2\/product"}],"about":[{"href":"https:\/\/www.ernstbrunn-apotheke.at\/katalog\/wp-json\/wp\/v2\/types\/product"}],"wp:featuredmedia":[{"embeddable":true,"href":"https:\/\/www.ernstbrunn-apotheke.at\/katalog\/wp-json\/wp\/v2\/media\/132960"}],"wp:attachment":[{"href":"https:\/\/www.ernstbrunn-apotheke.at\/katalog\/wp-json\/wp\/v2\/media?parent=132958"}],"wp:term":[{"taxonomy":"product_brand","embeddable":true,"href":"https:\/\/www.ernstbrunn-apotheke.at\/katalog\/wp-json\/wp\/v2\/product_brand?post=132958"},{"taxonomy":"product_cat","embeddable":true,"href":"https:\/\/www.ernstbrunn-apotheke.at\/katalog\/wp-json\/wp\/v2\/product_cat?post=132958"},{"taxonomy":"product_tag","embeddable":true,"href":"https:\/\/www.ernstbrunn-apotheke.at\/katalog\/wp-json\/wp\/v2\/product_tag?post=132958"}],"curies":[{"name":"wp","href":"https:\/\/api.w.org\/{rel}","templated":true}]}}