{"id":132945,"date":"2025-11-14T14:50:54","date_gmt":"2025-11-14T13:50:54","guid":{"rendered":"https:\/\/www.ernstbrunn-apotheke.at\/katalog\/produkt\/sonnentor-scharfmacher-gewuerz-blueten-mischung-packung-30-g-bio\/"},"modified":"2025-12-09T10:18:42","modified_gmt":"2025-12-09T09:18:42","slug":"sonnentor-scharfmacher-gewuerz-blueten-mischung-packung-30-g-bio","status":"publish","type":"product","link":"https:\/\/www.ernstbrunn-apotheke.at\/katalog\/produkt\/sonnentor-scharfmacher-gewuerz-blueten-mischung-packung-30-g-bio\/","title":{"rendered":"Sonnentor Scharfmacher Gew\u00fcrz-Bl\u00fcten-Mischung Packung 30 g BIO"},"content":{"rendered":"<p>Die Sonnentor Scharfmacher\u00ae Gew\u00fcrz-Bl\u00fcten-Mischung in der 30 g Packung ist eine r\u00f6tlich gelbe Gew\u00fcrz-Bl\u00fcten-Zubereitung und gibt Ihren Speisen den richtigen Kick. Suppen und Saucen, Pasta, Letscho, Liptauer und vieles mehr profitieren von der w\u00fcrzigen Sch\u00e4rfe des Gew\u00fcrzes, das ganz nebenbei auch noch optisch bezaubert.<\/p>\n","protected":false},"excerpt":{"rendered":"<p>Die Sonnentor Scharfmacher\u00ae Gew\u00fcrz-Bl\u00fcten-Mischung in der 30 g Packung ist eine r\u00f6tlich gelbe Gew\u00fcrz-Bl\u00fcten-Zubereitung und gibt Ihren Speisen den richtigen Kick. Suppen und Saucen, Pasta, Letscho, Liptauer und vieles mehr profitieren von der w\u00fcrzigen Sch\u00e4rfe des Gew\u00fcrzes, das ganz nebenbei auch noch optisch bezaubert.<\/p>\n","protected":false},"featured_media":132947,"template":"","meta":{"_acf_changed":false},"product_brand":[925],"product_cat":[791],"product_tag":[],"class_list":{"0":"post-132945","1":"product","2":"type-product","3":"status-publish","4":"has-post-thumbnail","6":"product_brand-sonnentor","7":"product_cat-s","8":"pa_packungsgroesse-30g","10":"first","11":"instock","12":"shipping-taxable","13":"purchasable","14":"product-type-simple"},"acf":[],"_links":{"self":[{"href":"https:\/\/www.ernstbrunn-apotheke.at\/katalog\/wp-json\/wp\/v2\/product\/132945","targetHints":{"allow":["GET"]}}],"collection":[{"href":"https:\/\/www.ernstbrunn-apotheke.at\/katalog\/wp-json\/wp\/v2\/product"}],"about":[{"href":"https:\/\/www.ernstbrunn-apotheke.at\/katalog\/wp-json\/wp\/v2\/types\/product"}],"wp:featuredmedia":[{"embeddable":true,"href":"https:\/\/www.ernstbrunn-apotheke.at\/katalog\/wp-json\/wp\/v2\/media\/132947"}],"wp:attachment":[{"href":"https:\/\/www.ernstbrunn-apotheke.at\/katalog\/wp-json\/wp\/v2\/media?parent=132945"}],"wp:term":[{"taxonomy":"product_brand","embeddable":true,"href":"https:\/\/www.ernstbrunn-apotheke.at\/katalog\/wp-json\/wp\/v2\/product_brand?post=132945"},{"taxonomy":"product_cat","embeddable":true,"href":"https:\/\/www.ernstbrunn-apotheke.at\/katalog\/wp-json\/wp\/v2\/product_cat?post=132945"},{"taxonomy":"product_tag","embeddable":true,"href":"https:\/\/www.ernstbrunn-apotheke.at\/katalog\/wp-json\/wp\/v2\/product_tag?post=132945"}],"curies":[{"name":"wp","href":"https:\/\/api.w.org\/{rel}","templated":true}]}}