{"id":132935,"date":"2025-11-14T14:50:12","date_gmt":"2025-11-14T13:50:12","guid":{"rendered":"https:\/\/www.ernstbrunn-apotheke.at\/katalog\/produkt\/sonnentor-gewuerz-blueten-probier-mal-10-stk-bio\/"},"modified":"2025-12-09T10:18:40","modified_gmt":"2025-12-09T09:18:40","slug":"sonnentor-gewuerz-blueten-probier-mal-10-stk-bio","status":"publish","type":"product","link":"https:\/\/www.ernstbrunn-apotheke.at\/katalog\/produkt\/sonnentor-gewuerz-blueten-probier-mal-10-stk-bio\/","title":{"rendered":"Sonnentor Gew\u00fcrz-Bl\u00fcten Probier mal! 10 Stk. BIO"},"content":{"rendered":"<p>Die Sonnentor Gew\u00fcrz-Bl\u00fcten Probier mal! vereinen 10 verschiedene Gew\u00fcrz-Bl\u00fcten-Zubereitungen in einer Packung. Von Sonnenkuss \u00fcber Flower Power bis hin zum Scharfmacher enth\u00e4lt das Probier mal! alles, um Ihren Speisen eine bunt-fr\u00f6hliche Optik und Ihnen ein herrliches Geschmackserlebnis zu bescheren. Dem Probier mal! P\u00e4ckchen ist auch ein Rezeptheftchen beigelegt &#8211; Probieren Sie sich durch!.<\/p>\n","protected":false},"excerpt":{"rendered":"<p>Die Sonnentor Gew\u00fcrz-Bl\u00fcten Probier mal! vereinen 10 verschiedene Gew\u00fcrz-Bl\u00fcten-Zubereitungen in einer Packung. Von Sonnenkuss \u00fcber Flower Power bis hin zum Scharfmacher enth\u00e4lt das Probier mal! alles, um Ihren Speisen eine bunt-fr\u00f6hliche Optik und Ihnen ein herrliches Geschmackserlebnis zu bescheren. Dem Probier mal! P\u00e4ckchen ist auch ein Rezeptheftchen beigelegt &#8211; Probieren Sie sich durch!.<\/p>\n","protected":false},"featured_media":132937,"template":"","meta":{"_acf_changed":false},"product_brand":[925],"product_cat":[791],"product_tag":[],"class_list":{"0":"post-132935","1":"product","2":"type-product","3":"status-publish","4":"has-post-thumbnail","6":"product_brand-sonnentor","7":"product_cat-s","8":"pa_packungsgroesse-10-beutel","10":"first","11":"instock","12":"shipping-taxable","13":"purchasable","14":"product-type-simple"},"acf":[],"_links":{"self":[{"href":"https:\/\/www.ernstbrunn-apotheke.at\/katalog\/wp-json\/wp\/v2\/product\/132935","targetHints":{"allow":["GET"]}}],"collection":[{"href":"https:\/\/www.ernstbrunn-apotheke.at\/katalog\/wp-json\/wp\/v2\/product"}],"about":[{"href":"https:\/\/www.ernstbrunn-apotheke.at\/katalog\/wp-json\/wp\/v2\/types\/product"}],"wp:featuredmedia":[{"embeddable":true,"href":"https:\/\/www.ernstbrunn-apotheke.at\/katalog\/wp-json\/wp\/v2\/media\/132937"}],"wp:attachment":[{"href":"https:\/\/www.ernstbrunn-apotheke.at\/katalog\/wp-json\/wp\/v2\/media?parent=132935"}],"wp:term":[{"taxonomy":"product_brand","embeddable":true,"href":"https:\/\/www.ernstbrunn-apotheke.at\/katalog\/wp-json\/wp\/v2\/product_brand?post=132935"},{"taxonomy":"product_cat","embeddable":true,"href":"https:\/\/www.ernstbrunn-apotheke.at\/katalog\/wp-json\/wp\/v2\/product_cat?post=132935"},{"taxonomy":"product_tag","embeddable":true,"href":"https:\/\/www.ernstbrunn-apotheke.at\/katalog\/wp-json\/wp\/v2\/product_tag?post=132935"}],"curies":[{"name":"wp","href":"https:\/\/api.w.org\/{rel}","templated":true}]}}