{"id":132918,"date":"2025-11-14T14:50:12","date_gmt":"2025-11-14T13:50:12","guid":{"rendered":"https:\/\/www.ernstbrunn-apotheke.at\/katalog\/produkt\/sonnentor-fenchel-ganz-bio-40-g\/"},"modified":"2025-12-09T10:18:39","modified_gmt":"2025-12-09T09:18:39","slug":"sonnentor-fenchel-ganz-bio-40-g","status":"publish","type":"product","link":"https:\/\/www.ernstbrunn-apotheke.at\/katalog\/produkt\/sonnentor-fenchel-ganz-bio-40-g\/","title":{"rendered":"Sonnentor Fenchel ganz bio 40 g"},"content":{"rendered":"<p>Der Sonnentor Fenchel ganz im 40 g P\u00e4ckchen wurde von Hand verpackt und passt mit seinem w\u00fcrzig-frischen Geschmack hervorragend zu Brot, Geb\u00e4ck und fettreichem Fisch, aber auch zu Meeresgerichten und Lamm. Vor der Anwendung anger\u00f6stet, entfaltet der Fenchel sein volles Aroma..<\/p>\n","protected":false},"excerpt":{"rendered":"<p>Der Sonnentor Fenchel ganz im 40 g P\u00e4ckchen wurde von Hand verpackt und passt mit seinem w\u00fcrzig-frischen Geschmack hervorragend zu Brot, Geb\u00e4ck und fettreichem Fisch, aber auch zu Meeresgerichten und Lamm. Vor der Anwendung anger\u00f6stet, entfaltet der Fenchel sein volles Aroma..<\/p>\n","protected":false},"featured_media":132920,"template":"","meta":{"_acf_changed":false},"product_brand":[925],"product_cat":[791],"product_tag":[],"class_list":{"0":"post-132918","1":"product","2":"type-product","3":"status-publish","4":"has-post-thumbnail","6":"product_brand-sonnentor","7":"product_cat-s","8":"pa_packungsgroesse-40g","10":"first","11":"instock","12":"shipping-taxable","13":"purchasable","14":"product-type-simple"},"acf":[],"_links":{"self":[{"href":"https:\/\/www.ernstbrunn-apotheke.at\/katalog\/wp-json\/wp\/v2\/product\/132918","targetHints":{"allow":["GET"]}}],"collection":[{"href":"https:\/\/www.ernstbrunn-apotheke.at\/katalog\/wp-json\/wp\/v2\/product"}],"about":[{"href":"https:\/\/www.ernstbrunn-apotheke.at\/katalog\/wp-json\/wp\/v2\/types\/product"}],"wp:featuredmedia":[{"embeddable":true,"href":"https:\/\/www.ernstbrunn-apotheke.at\/katalog\/wp-json\/wp\/v2\/media\/132920"}],"wp:attachment":[{"href":"https:\/\/www.ernstbrunn-apotheke.at\/katalog\/wp-json\/wp\/v2\/media?parent=132918"}],"wp:term":[{"taxonomy":"product_brand","embeddable":true,"href":"https:\/\/www.ernstbrunn-apotheke.at\/katalog\/wp-json\/wp\/v2\/product_brand?post=132918"},{"taxonomy":"product_cat","embeddable":true,"href":"https:\/\/www.ernstbrunn-apotheke.at\/katalog\/wp-json\/wp\/v2\/product_cat?post=132918"},{"taxonomy":"product_tag","embeddable":true,"href":"https:\/\/www.ernstbrunn-apotheke.at\/katalog\/wp-json\/wp\/v2\/product_tag?post=132918"}],"curies":[{"name":"wp","href":"https:\/\/api.w.org\/{rel}","templated":true}]}}