{"id":132898,"date":"2025-11-14T14:41:34","date_gmt":"2025-11-14T13:41:34","guid":{"rendered":"https:\/\/www.ernstbrunn-apotheke.at\/katalog\/produkt\/sonnentor-chilischoten-feuerscharf-25g-bio\/"},"modified":"2025-12-09T10:18:38","modified_gmt":"2025-12-09T09:18:38","slug":"sonnentor-chilischoten-feuerscharf-25g-bio","status":"publish","type":"product","link":"https:\/\/www.ernstbrunn-apotheke.at\/katalog\/produkt\/sonnentor-chilischoten-feuerscharf-25g-bio\/","title":{"rendered":"Sonnentor Chilischoten feuerscharf 25g BIO"},"content":{"rendered":"<p>Die Sonnentor Chilischoten feuerscharf in der 25 g Packung begeistern all jene, die mit Ihrer Liebe zu scharfem Essen oftmals die Grenze zwischen Genuss und Schmerz \u00fcberschreiten. Der fruchtige Duft der Bio Chilischoten zeichnet ein harmloses Bild, jedoch bewegen sich die Sch\u00e4rfegrade in einem Bereich von 9 bis 10 feurigen Punkten (genauere Informationen zum Sch\u00e4rfegrad sind auf der Verpackung angegeben).<\/p>\n","protected":false},"excerpt":{"rendered":"<p>Die Sonnentor Chilischoten feuerscharf in der 25 g Packung begeistern all jene, die mit Ihrer Liebe zu scharfem Essen oftmals die Grenze zwischen Genuss und Schmerz \u00fcberschreiten. Der fruchtige Duft der Bio Chilischoten zeichnet ein harmloses Bild, jedoch bewegen sich die Sch\u00e4rfegrade in einem Bereich von 9 bis 10 feurigen Punkten (genauere Informationen zum Sch\u00e4rfegrad [&hellip;]<\/p>\n","protected":false},"featured_media":132900,"template":"","meta":{"_acf_changed":false},"product_brand":[925],"product_cat":[791],"product_tag":[],"class_list":{"0":"post-132898","1":"product","2":"type-product","3":"status-publish","4":"has-post-thumbnail","6":"product_brand-sonnentor","7":"product_cat-s","8":"pa_packungsgroesse-25g","10":"first","11":"instock","12":"shipping-taxable","13":"purchasable","14":"product-type-simple"},"acf":[],"_links":{"self":[{"href":"https:\/\/www.ernstbrunn-apotheke.at\/katalog\/wp-json\/wp\/v2\/product\/132898","targetHints":{"allow":["GET"]}}],"collection":[{"href":"https:\/\/www.ernstbrunn-apotheke.at\/katalog\/wp-json\/wp\/v2\/product"}],"about":[{"href":"https:\/\/www.ernstbrunn-apotheke.at\/katalog\/wp-json\/wp\/v2\/types\/product"}],"wp:featuredmedia":[{"embeddable":true,"href":"https:\/\/www.ernstbrunn-apotheke.at\/katalog\/wp-json\/wp\/v2\/media\/132900"}],"wp:attachment":[{"href":"https:\/\/www.ernstbrunn-apotheke.at\/katalog\/wp-json\/wp\/v2\/media?parent=132898"}],"wp:term":[{"taxonomy":"product_brand","embeddable":true,"href":"https:\/\/www.ernstbrunn-apotheke.at\/katalog\/wp-json\/wp\/v2\/product_brand?post=132898"},{"taxonomy":"product_cat","embeddable":true,"href":"https:\/\/www.ernstbrunn-apotheke.at\/katalog\/wp-json\/wp\/v2\/product_cat?post=132898"},{"taxonomy":"product_tag","embeddable":true,"href":"https:\/\/www.ernstbrunn-apotheke.at\/katalog\/wp-json\/wp\/v2\/product_tag?post=132898"}],"curies":[{"name":"wp","href":"https:\/\/api.w.org\/{rel}","templated":true}]}}