{"id":132878,"date":"2025-11-14T14:41:34","date_gmt":"2025-11-14T13:41:34","guid":{"rendered":"https:\/\/www.ernstbrunn-apotheke.at\/katalog\/produkt\/sonnentor-chili-feuerscharf-gemahlen-bio-40-g\/"},"modified":"2025-12-09T10:18:36","modified_gmt":"2025-12-09T09:18:36","slug":"sonnentor-chili-feuerscharf-gemahlen-bio-40-g","status":"publish","type":"product","link":"https:\/\/www.ernstbrunn-apotheke.at\/katalog\/produkt\/sonnentor-chili-feuerscharf-gemahlen-bio-40-g\/","title":{"rendered":"Sonnentor Chili feuerscharf gemahlen bio 40 g"},"content":{"rendered":"<p>Sonnentor Chili feuerscharf gemahlen in der 40 g Packung begeistert all jene, die mit Ihrer Liebe zu scharfem Essen oftmals die Grenze zwischen Genuss und Schmerz \u00fcberschreiten. Der fruchtige Duft der Bio Chilischoten zeichnet ein harmloses Bild, jedoch bewegen sich die Sch\u00e4rfegrade aber in einem Bereich von 6 bis 10 feurigen Punkten (genauere Informationen zum Sch\u00e4rfegrad sind auf der Verpackung angegeben). Soll&#8217;s doch lieber ein bisschen milder sein? Sonnentor Chili gemahlen in der 40 g Packung \u00fcbzeugt auch die etwas sensibleren Liebhaber von pikantem Essen.<\/p>\n","protected":false},"excerpt":{"rendered":"<p>Sonnentor Chili feuerscharf gemahlen in der 40 g Packung begeistert all jene, die mit Ihrer Liebe zu scharfem Essen oftmals die Grenze zwischen Genuss und Schmerz \u00fcberschreiten. Der fruchtige Duft der Bio Chilischoten zeichnet ein harmloses Bild, jedoch bewegen sich die Sch\u00e4rfegrade aber in einem Bereich von 6 bis 10 feurigen Punkten (genauere Informationen zum [&hellip;]<\/p>\n","protected":false},"featured_media":132880,"template":"","meta":{"_acf_changed":false},"product_brand":[925],"product_cat":[791],"product_tag":[],"class_list":{"0":"post-132878","1":"product","2":"type-product","3":"status-publish","4":"has-post-thumbnail","6":"product_brand-sonnentor","7":"product_cat-s","8":"pa_packungsgroesse-40g","10":"first","11":"instock","12":"shipping-taxable","13":"purchasable","14":"product-type-simple"},"acf":[],"_links":{"self":[{"href":"https:\/\/www.ernstbrunn-apotheke.at\/katalog\/wp-json\/wp\/v2\/product\/132878","targetHints":{"allow":["GET"]}}],"collection":[{"href":"https:\/\/www.ernstbrunn-apotheke.at\/katalog\/wp-json\/wp\/v2\/product"}],"about":[{"href":"https:\/\/www.ernstbrunn-apotheke.at\/katalog\/wp-json\/wp\/v2\/types\/product"}],"wp:featuredmedia":[{"embeddable":true,"href":"https:\/\/www.ernstbrunn-apotheke.at\/katalog\/wp-json\/wp\/v2\/media\/132880"}],"wp:attachment":[{"href":"https:\/\/www.ernstbrunn-apotheke.at\/katalog\/wp-json\/wp\/v2\/media?parent=132878"}],"wp:term":[{"taxonomy":"product_brand","embeddable":true,"href":"https:\/\/www.ernstbrunn-apotheke.at\/katalog\/wp-json\/wp\/v2\/product_brand?post=132878"},{"taxonomy":"product_cat","embeddable":true,"href":"https:\/\/www.ernstbrunn-apotheke.at\/katalog\/wp-json\/wp\/v2\/product_cat?post=132878"},{"taxonomy":"product_tag","embeddable":true,"href":"https:\/\/www.ernstbrunn-apotheke.at\/katalog\/wp-json\/wp\/v2\/product_tag?post=132878"}],"curies":[{"name":"wp","href":"https:\/\/api.w.org\/{rel}","templated":true}]}}