{"id":132868,"date":"2025-11-14T14:41:34","date_gmt":"2025-11-14T13:41:34","guid":{"rendered":"https:\/\/www.ernstbrunn-apotheke.at\/katalog\/produkt\/sonnentor-bohnenkraut-bio-20-g\/"},"modified":"2025-12-09T10:18:36","modified_gmt":"2025-12-09T09:18:36","slug":"sonnentor-bohnenkraut-bio-20-g","status":"publish","type":"product","link":"https:\/\/www.ernstbrunn-apotheke.at\/katalog\/produkt\/sonnentor-bohnenkraut-bio-20-g\/","title":{"rendered":"Sonnentor Bohnenkraut bio 20 g"},"content":{"rendered":"<p>Das Sonnentor Bohnenkraut in der 20 g Packung duftet angenehm nach Majoran und Thymian und hinterl\u00e4sst einen langanhaltenden, sehr erfrischenden Geschmack. Hervorragend schmeckt das aromatische Kraut nicht nur zu Bohnen, sondern auch zu anderen H\u00fclsenfr\u00fcchten, Kartoffeln und Wurzelgem\u00fcse und ist auch aus der Balkank\u00fcche nicht wegzudenken.<\/p>\n","protected":false},"excerpt":{"rendered":"<p>Das Sonnentor Bohnenkraut in der 20 g Packung duftet angenehm nach Majoran und Thymian und hinterl\u00e4sst einen langanhaltenden, sehr erfrischenden Geschmack. Hervorragend schmeckt das aromatische Kraut nicht nur zu Bohnen, sondern auch zu anderen H\u00fclsenfr\u00fcchten, Kartoffeln und Wurzelgem\u00fcse und ist auch aus der Balkank\u00fcche nicht wegzudenken.<\/p>\n","protected":false},"featured_media":132870,"template":"","meta":{"_acf_changed":false},"product_brand":[925],"product_cat":[791],"product_tag":[],"class_list":{"0":"post-132868","1":"product","2":"type-product","3":"status-publish","4":"has-post-thumbnail","6":"product_brand-sonnentor","7":"product_cat-s","8":"pa_packungsgroesse-20g","10":"first","11":"instock","12":"shipping-taxable","13":"purchasable","14":"product-type-simple"},"acf":[],"_links":{"self":[{"href":"https:\/\/www.ernstbrunn-apotheke.at\/katalog\/wp-json\/wp\/v2\/product\/132868","targetHints":{"allow":["GET"]}}],"collection":[{"href":"https:\/\/www.ernstbrunn-apotheke.at\/katalog\/wp-json\/wp\/v2\/product"}],"about":[{"href":"https:\/\/www.ernstbrunn-apotheke.at\/katalog\/wp-json\/wp\/v2\/types\/product"}],"wp:featuredmedia":[{"embeddable":true,"href":"https:\/\/www.ernstbrunn-apotheke.at\/katalog\/wp-json\/wp\/v2\/media\/132870"}],"wp:attachment":[{"href":"https:\/\/www.ernstbrunn-apotheke.at\/katalog\/wp-json\/wp\/v2\/media?parent=132868"}],"wp:term":[{"taxonomy":"product_brand","embeddable":true,"href":"https:\/\/www.ernstbrunn-apotheke.at\/katalog\/wp-json\/wp\/v2\/product_brand?post=132868"},{"taxonomy":"product_cat","embeddable":true,"href":"https:\/\/www.ernstbrunn-apotheke.at\/katalog\/wp-json\/wp\/v2\/product_cat?post=132868"},{"taxonomy":"product_tag","embeddable":true,"href":"https:\/\/www.ernstbrunn-apotheke.at\/katalog\/wp-json\/wp\/v2\/product_tag?post=132868"}],"curies":[{"name":"wp","href":"https:\/\/api.w.org\/{rel}","templated":true}]}}