{"id":132815,"date":"2025-11-14T14:41:34","date_gmt":"2025-11-14T13:41:34","guid":{"rendered":"https:\/\/www.ernstbrunn-apotheke.at\/katalog\/produkt\/sonnentor-baerlauch-geschnitten-18-g-bio\/"},"modified":"2025-12-09T10:18:31","modified_gmt":"2025-12-09T09:18:31","slug":"sonnentor-baerlauch-geschnitten-18-g-bio","status":"publish","type":"product","link":"https:\/\/www.ernstbrunn-apotheke.at\/katalog\/produkt\/sonnentor-baerlauch-geschnitten-18-g-bio\/","title":{"rendered":"Sonnentor B\u00e4rlauch geschnitten 18 g BIO"},"content":{"rendered":"<p>Sonnentor B\u00e4rlauch geschnitten in der 18 g Packung verhilft Kartoffel- und Gem\u00fcsegerichten mit seinem feinen, knochlauchigen Aroma zu wahren Geschmackserlebnissen. Himmlisch schmeckt das B\u00e4rlauchkraut auch in Aufstrichen, Pestos und Suppen.<\/p>\n","protected":false},"excerpt":{"rendered":"<p>Sonnentor B\u00e4rlauch geschnitten in der 18 g Packung verhilft Kartoffel- und Gem\u00fcsegerichten mit seinem feinen, knochlauchigen Aroma zu wahren Geschmackserlebnissen. Himmlisch schmeckt das B\u00e4rlauchkraut auch in Aufstrichen, Pestos und Suppen.<\/p>\n","protected":false},"featured_media":132817,"template":"","meta":{"_acf_changed":false},"product_brand":[925],"product_cat":[791],"product_tag":[],"class_list":{"0":"post-132815","1":"product","2":"type-product","3":"status-publish","4":"has-post-thumbnail","6":"product_brand-sonnentor","7":"product_cat-s","8":"pa_packungsgroesse-18g","10":"first","11":"instock","12":"shipping-taxable","13":"purchasable","14":"product-type-simple"},"acf":[],"_links":{"self":[{"href":"https:\/\/www.ernstbrunn-apotheke.at\/katalog\/wp-json\/wp\/v2\/product\/132815","targetHints":{"allow":["GET"]}}],"collection":[{"href":"https:\/\/www.ernstbrunn-apotheke.at\/katalog\/wp-json\/wp\/v2\/product"}],"about":[{"href":"https:\/\/www.ernstbrunn-apotheke.at\/katalog\/wp-json\/wp\/v2\/types\/product"}],"wp:featuredmedia":[{"embeddable":true,"href":"https:\/\/www.ernstbrunn-apotheke.at\/katalog\/wp-json\/wp\/v2\/media\/132817"}],"wp:attachment":[{"href":"https:\/\/www.ernstbrunn-apotheke.at\/katalog\/wp-json\/wp\/v2\/media?parent=132815"}],"wp:term":[{"taxonomy":"product_brand","embeddable":true,"href":"https:\/\/www.ernstbrunn-apotheke.at\/katalog\/wp-json\/wp\/v2\/product_brand?post=132815"},{"taxonomy":"product_cat","embeddable":true,"href":"https:\/\/www.ernstbrunn-apotheke.at\/katalog\/wp-json\/wp\/v2\/product_cat?post=132815"},{"taxonomy":"product_tag","embeddable":true,"href":"https:\/\/www.ernstbrunn-apotheke.at\/katalog\/wp-json\/wp\/v2\/product_tag?post=132815"}],"curies":[{"name":"wp","href":"https:\/\/api.w.org\/{rel}","templated":true}]}}