{"id":132785,"date":"2025-11-14T14:40:15","date_gmt":"2025-11-14T13:40:15","guid":{"rendered":"https:\/\/www.ernstbrunn-apotheke.at\/katalog\/produkt\/sonnentor-anis-50-g-bio\/"},"modified":"2025-12-09T10:18:30","modified_gmt":"2025-12-09T09:18:30","slug":"sonnentor-anis-50-g-bio","status":"publish","type":"product","link":"https:\/\/www.ernstbrunn-apotheke.at\/katalog\/produkt\/sonnentor-anis-50-g-bio\/","title":{"rendered":"Sonnentor Anis 50 g BIO"},"content":{"rendered":"<p>Sweet dreams are made of Anis! Kr\u00e4uterkundige Hexen nahmen die Pflanze mit ins Bett, um Albtr\u00e4ume zu vertreiben. Heute findest du die s\u00fc\u00dflichen Samen im Gew\u00fcrzschrank. Ihr feines Lakritzaroma verfeinert Brot, Kekse, Kuchen und griechischen Schnaps. Vor der Verwendung im M\u00f6rser zersto\u00dfen, um noch mehr Geschmack heraus zu kitzeln.<\/p>\n","protected":false},"excerpt":{"rendered":"<p>Sweet dreams are made of Anis! Kr\u00e4uterkundige Hexen nahmen die Pflanze mit ins Bett, um Albtr\u00e4ume zu vertreiben. Heute findest du die s\u00fc\u00dflichen Samen im Gew\u00fcrzschrank. Ihr feines Lakritzaroma verfeinert Brot, Kekse, Kuchen und griechischen Schnaps. Vor der Verwendung im M\u00f6rser zersto\u00dfen, um noch mehr Geschmack heraus zu kitzeln.<\/p>\n","protected":false},"featured_media":132787,"template":"","meta":{"_acf_changed":false},"product_brand":[925],"product_cat":[791],"product_tag":[],"class_list":{"0":"post-132785","1":"product","2":"type-product","3":"status-publish","4":"has-post-thumbnail","6":"product_brand-sonnentor","7":"product_cat-s","8":"pa_packungsgroesse-50g","10":"first","11":"instock","12":"shipping-taxable","13":"purchasable","14":"product-type-simple"},"acf":[],"_links":{"self":[{"href":"https:\/\/www.ernstbrunn-apotheke.at\/katalog\/wp-json\/wp\/v2\/product\/132785","targetHints":{"allow":["GET"]}}],"collection":[{"href":"https:\/\/www.ernstbrunn-apotheke.at\/katalog\/wp-json\/wp\/v2\/product"}],"about":[{"href":"https:\/\/www.ernstbrunn-apotheke.at\/katalog\/wp-json\/wp\/v2\/types\/product"}],"wp:featuredmedia":[{"embeddable":true,"href":"https:\/\/www.ernstbrunn-apotheke.at\/katalog\/wp-json\/wp\/v2\/media\/132787"}],"wp:attachment":[{"href":"https:\/\/www.ernstbrunn-apotheke.at\/katalog\/wp-json\/wp\/v2\/media?parent=132785"}],"wp:term":[{"taxonomy":"product_brand","embeddable":true,"href":"https:\/\/www.ernstbrunn-apotheke.at\/katalog\/wp-json\/wp\/v2\/product_brand?post=132785"},{"taxonomy":"product_cat","embeddable":true,"href":"https:\/\/www.ernstbrunn-apotheke.at\/katalog\/wp-json\/wp\/v2\/product_cat?post=132785"},{"taxonomy":"product_tag","embeddable":true,"href":"https:\/\/www.ernstbrunn-apotheke.at\/katalog\/wp-json\/wp\/v2\/product_tag?post=132785"}],"curies":[{"name":"wp","href":"https:\/\/api.w.org\/{rel}","templated":true}]}}