{"id":132782,"date":"2025-11-14T14:40:15","date_gmt":"2025-11-14T13:40:15","guid":{"rendered":"https:\/\/www.ernstbrunn-apotheke.at\/katalog\/produkt\/sonnentor-adios-salz-gemuesemischung-scharf-gastrodose-165-g-bio\/"},"modified":"2025-12-09T10:18:28","modified_gmt":"2025-12-09T09:18:28","slug":"sonnentor-adios-salz-gemuesemischung-scharf-gastrodose-165-g-bio","status":"publish","type":"product","link":"https:\/\/www.ernstbrunn-apotheke.at\/katalog\/produkt\/sonnentor-adios-salz-gemuesemischung-scharf-gastrodose-165-g-bio\/","title":{"rendered":"Sonnentor Adios Salz! Gem\u00fcsemischung scharf Gastrodose 165 g BIO"},"content":{"rendered":"<p>Die Sonnentor Adios Salz! Gem\u00fcsemischung Scharf in der 165 g Gastrodose ist f\u00fcr all jene gedacht, die lieber w\u00fcrzen statt salzen. Diese Mischung bringt ganz ohne Zugabe von Salz die richtige W\u00fcrze in Ihre Gerichte und ist auch in den Sorten &#8222;Gartengem\u00fcse&#8220; und &#8222;Mediterran&#8220; erh\u00e4ltlich \u2013 jetzt online g\u00fcnstig bestellen!<\/p>\n","protected":false},"excerpt":{"rendered":"<p>Die Sonnentor Adios Salz! Gem\u00fcsemischung Scharf in der 165 g Gastrodose ist f\u00fcr all jene gedacht, die lieber w\u00fcrzen statt salzen. Diese Mischung bringt ganz ohne Zugabe von Salz die richtige W\u00fcrze in Ihre Gerichte und ist auch in den Sorten &#8222;Gartengem\u00fcse&#8220; und &#8222;Mediterran&#8220; erh\u00e4ltlich \u2013 jetzt online g\u00fcnstig bestellen!<\/p>\n","protected":false},"featured_media":132784,"template":"","meta":{"_acf_changed":false},"product_brand":[925],"product_cat":[791],"product_tag":[],"class_list":{"0":"post-132782","1":"product","2":"type-product","3":"status-publish","4":"has-post-thumbnail","6":"product_brand-sonnentor","7":"product_cat-s","8":"pa_packungsgroesse-165g","10":"first","11":"instock","12":"shipping-taxable","13":"purchasable","14":"product-type-simple"},"acf":[],"_links":{"self":[{"href":"https:\/\/www.ernstbrunn-apotheke.at\/katalog\/wp-json\/wp\/v2\/product\/132782","targetHints":{"allow":["GET"]}}],"collection":[{"href":"https:\/\/www.ernstbrunn-apotheke.at\/katalog\/wp-json\/wp\/v2\/product"}],"about":[{"href":"https:\/\/www.ernstbrunn-apotheke.at\/katalog\/wp-json\/wp\/v2\/types\/product"}],"wp:featuredmedia":[{"embeddable":true,"href":"https:\/\/www.ernstbrunn-apotheke.at\/katalog\/wp-json\/wp\/v2\/media\/132784"}],"wp:attachment":[{"href":"https:\/\/www.ernstbrunn-apotheke.at\/katalog\/wp-json\/wp\/v2\/media?parent=132782"}],"wp:term":[{"taxonomy":"product_brand","embeddable":true,"href":"https:\/\/www.ernstbrunn-apotheke.at\/katalog\/wp-json\/wp\/v2\/product_brand?post=132782"},{"taxonomy":"product_cat","embeddable":true,"href":"https:\/\/www.ernstbrunn-apotheke.at\/katalog\/wp-json\/wp\/v2\/product_cat?post=132782"},{"taxonomy":"product_tag","embeddable":true,"href":"https:\/\/www.ernstbrunn-apotheke.at\/katalog\/wp-json\/wp\/v2\/product_tag?post=132782"}],"curies":[{"name":"wp","href":"https:\/\/api.w.org\/{rel}","templated":true}]}}