{"id":132716,"date":"2025-11-14T14:39:07","date_gmt":"2025-11-14T13:39:07","guid":{"rendered":"https:\/\/www.ernstbrunn-apotheke.at\/katalog\/produkt\/sinomarin-allergy-relief-nasenspray-30-ml\/"},"modified":"2025-12-09T10:18:21","modified_gmt":"2025-12-09T09:18:21","slug":"sinomarin-allergy-relief-nasenspray-30-ml","status":"publish","type":"product","link":"https:\/\/www.ernstbrunn-apotheke.at\/katalog\/produkt\/sinomarin-allergy-relief-nasenspray-30-ml\/","title":{"rendered":"Sinomarin Allergy Relief Nasenspray 30 ml"},"content":{"rendered":"<p>Sinomarin Allergy Relief Nasenspray ist ein 100 % nat\u00fcrlicher, abschwellender Nasenspray mit dem patentierten Algomer Complex.  Die einzigartige Formulierung kombiniert die nat\u00fcrliche abschwellende Wirkung (durch Osmose) des hypertonen Meerwassers (2,3 % NaCl) mit den gut dokumentierten, die f\u00fcr die Nasenschleimhaut positiven Eigenschaften des Meeralgenextrakts Algomer Complex. Zus\u00e4tzlich ist noch Dexpanthenol enthalten. Sinomarin Allergy Relief reinigt die Nasenh\u00f6hlen und beseitigt somit Allergene (durch mechanische Wirkung), welche die Symptome der allergischen Rhinitis verschlimmern k\u00f6nnen.<\/p>\n","protected":false},"excerpt":{"rendered":"<p>Sinomarin Allergy Relief Nasenspray ist ein 100 % nat\u00fcrlicher, abschwellender Nasenspray mit dem patentierten Algomer Complex. Die einzigartige Formulierung kombiniert die nat\u00fcrliche abschwellende Wirkung (durch Osmose) des hypertonen Meerwassers (2,3 % NaCl) mit den gut dokumentierten, die f\u00fcr die Nasenschleimhaut positiven Eigenschaften des Meeralgenextrakts Algomer Complex. Zus\u00e4tzlich ist noch Dexpanthenol enthalten. Sinomarin Allergy Relief reinigt [&hellip;]<\/p>\n","protected":false},"featured_media":132718,"template":"","meta":{"_acf_changed":false},"product_brand":[],"product_cat":[791],"product_tag":[],"class_list":{"0":"post-132716","1":"product","2":"type-product","3":"status-publish","4":"has-post-thumbnail","6":"product_cat-s","7":"pa_packungsgroesse-30ml","9":"first","10":"instock","11":"shipping-taxable","12":"purchasable","13":"product-type-simple"},"acf":[],"_links":{"self":[{"href":"https:\/\/www.ernstbrunn-apotheke.at\/katalog\/wp-json\/wp\/v2\/product\/132716","targetHints":{"allow":["GET"]}}],"collection":[{"href":"https:\/\/www.ernstbrunn-apotheke.at\/katalog\/wp-json\/wp\/v2\/product"}],"about":[{"href":"https:\/\/www.ernstbrunn-apotheke.at\/katalog\/wp-json\/wp\/v2\/types\/product"}],"wp:featuredmedia":[{"embeddable":true,"href":"https:\/\/www.ernstbrunn-apotheke.at\/katalog\/wp-json\/wp\/v2\/media\/132718"}],"wp:attachment":[{"href":"https:\/\/www.ernstbrunn-apotheke.at\/katalog\/wp-json\/wp\/v2\/media?parent=132716"}],"wp:term":[{"taxonomy":"product_brand","embeddable":true,"href":"https:\/\/www.ernstbrunn-apotheke.at\/katalog\/wp-json\/wp\/v2\/product_brand?post=132716"},{"taxonomy":"product_cat","embeddable":true,"href":"https:\/\/www.ernstbrunn-apotheke.at\/katalog\/wp-json\/wp\/v2\/product_cat?post=132716"},{"taxonomy":"product_tag","embeddable":true,"href":"https:\/\/www.ernstbrunn-apotheke.at\/katalog\/wp-json\/wp\/v2\/product_tag?post=132716"}],"curies":[{"name":"wp","href":"https:\/\/api.w.org\/{rel}","templated":true}]}}