{"id":132698,"date":"2025-11-14T14:39:07","date_gmt":"2025-11-14T13:39:07","guid":{"rendered":"https:\/\/www.ernstbrunn-apotheke.at\/katalog\/produkt\/algavital-silberwasser-100-ml\/"},"modified":"2025-12-09T10:18:20","modified_gmt":"2025-12-09T09:18:20","slug":"algavital-silberwasser-100-ml","status":"publish","type":"product","link":"https:\/\/www.ernstbrunn-apotheke.at\/katalog\/produkt\/algavital-silberwasser-100-ml\/","title":{"rendered":"Algavital Silberwasser 100 ml"},"content":{"rendered":"<p>Algavital Silberwasser ist die &#8222;Erste Hilfe&#8220; bei Schnittwunden, Entz\u00fcndungen, Verbrennungen und Insektenstichen, da Silber seit jeher eine desinfizierende Wirkung gegen Bakterien und andere Erreger zur \u00e4u\u00dferlichen Anwendung hat. Es wird auch unterst\u00fctzend bei Hauterkrankungen empfohlen.<\/p>\n","protected":false},"excerpt":{"rendered":"<p>Algavital Silberwasser ist die &#8222;Erste Hilfe&#8220; bei Schnittwunden, Entz\u00fcndungen, Verbrennungen und Insektenstichen, da Silber seit jeher eine desinfizierende Wirkung gegen Bakterien und andere Erreger zur \u00e4u\u00dferlichen Anwendung hat. Es wird auch unterst\u00fctzend bei Hauterkrankungen empfohlen.<\/p>\n","protected":false},"featured_media":132700,"template":"","meta":{"_acf_changed":false},"product_brand":[],"product_cat":[801],"product_tag":[],"class_list":{"0":"post-132698","1":"product","2":"type-product","3":"status-publish","4":"has-post-thumbnail","6":"product_cat-a","7":"pa_packungsgroesse-100ml","9":"first","10":"instock","11":"shipping-taxable","12":"purchasable","13":"product-type-simple"},"acf":[],"_links":{"self":[{"href":"https:\/\/www.ernstbrunn-apotheke.at\/katalog\/wp-json\/wp\/v2\/product\/132698","targetHints":{"allow":["GET"]}}],"collection":[{"href":"https:\/\/www.ernstbrunn-apotheke.at\/katalog\/wp-json\/wp\/v2\/product"}],"about":[{"href":"https:\/\/www.ernstbrunn-apotheke.at\/katalog\/wp-json\/wp\/v2\/types\/product"}],"wp:featuredmedia":[{"embeddable":true,"href":"https:\/\/www.ernstbrunn-apotheke.at\/katalog\/wp-json\/wp\/v2\/media\/132700"}],"wp:attachment":[{"href":"https:\/\/www.ernstbrunn-apotheke.at\/katalog\/wp-json\/wp\/v2\/media?parent=132698"}],"wp:term":[{"taxonomy":"product_brand","embeddable":true,"href":"https:\/\/www.ernstbrunn-apotheke.at\/katalog\/wp-json\/wp\/v2\/product_brand?post=132698"},{"taxonomy":"product_cat","embeddable":true,"href":"https:\/\/www.ernstbrunn-apotheke.at\/katalog\/wp-json\/wp\/v2\/product_cat?post=132698"},{"taxonomy":"product_tag","embeddable":true,"href":"https:\/\/www.ernstbrunn-apotheke.at\/katalog\/wp-json\/wp\/v2\/product_tag?post=132698"}],"curies":[{"name":"wp","href":"https:\/\/api.w.org\/{rel}","templated":true}]}}