{"id":132651,"date":"2025-11-14T14:38:14","date_gmt":"2025-11-14T13:38:14","guid":{"rendered":"https:\/\/www.ernstbrunn-apotheke.at\/katalog\/produkt\/sebamed-unreine-haut-anti-pickel-gel-10-ml\/"},"modified":"2025-12-09T10:18:13","modified_gmt":"2025-12-09T09:18:13","slug":"sebamed-unreine-haut-anti-pickel-gel-10-ml","status":"publish","type":"product","link":"https:\/\/www.ernstbrunn-apotheke.at\/katalog\/produkt\/sebamed-unreine-haut-anti-pickel-gel-10-ml\/","title":{"rendered":"Sebamed Unreine Haut Anti-Pickel-Gel 10 ml"},"content":{"rendered":"<p>Die Sebapharma GmbH &#038; Co. KG ist heute ein weltweit agierendes Unternehmen mit einem j\u00e4hrlichen Umsatz von \u00fcber 100 Millionen Euro. Derzeit besch\u00e4ftigt die Sebapharma ca. 200 Mitarbeiter. Mit dem bekannten Markennamen sebamed ist die Sebapharma GmbH &#038; Co. KG als kompetentes, innovatives und leistungsorientiertes Unternehmen seit Jahren erfolgreich.<\/p>\n","protected":false},"excerpt":{"rendered":"<p>Die Sebapharma GmbH &#038; Co. KG ist heute ein weltweit agierendes Unternehmen mit einem j\u00e4hrlichen Umsatz von \u00fcber 100 Millionen Euro. Derzeit besch\u00e4ftigt die Sebapharma ca. 200 Mitarbeiter. Mit dem bekannten Markennamen sebamed ist die Sebapharma GmbH &#038; Co. KG als kompetentes, innovatives und leistungsorientiertes Unternehmen seit Jahren erfolgreich.<\/p>\n","protected":false},"featured_media":132653,"template":"","meta":{"_acf_changed":false},"product_brand":[],"product_cat":[791],"product_tag":[],"class_list":{"0":"post-132651","1":"product","2":"type-product","3":"status-publish","4":"has-post-thumbnail","6":"product_cat-s","7":"pa_packungsgroesse-10ml","9":"first","10":"instock","11":"shipping-taxable","12":"purchasable","13":"product-type-simple"},"acf":[],"_links":{"self":[{"href":"https:\/\/www.ernstbrunn-apotheke.at\/katalog\/wp-json\/wp\/v2\/product\/132651","targetHints":{"allow":["GET"]}}],"collection":[{"href":"https:\/\/www.ernstbrunn-apotheke.at\/katalog\/wp-json\/wp\/v2\/product"}],"about":[{"href":"https:\/\/www.ernstbrunn-apotheke.at\/katalog\/wp-json\/wp\/v2\/types\/product"}],"wp:featuredmedia":[{"embeddable":true,"href":"https:\/\/www.ernstbrunn-apotheke.at\/katalog\/wp-json\/wp\/v2\/media\/132653"}],"wp:attachment":[{"href":"https:\/\/www.ernstbrunn-apotheke.at\/katalog\/wp-json\/wp\/v2\/media?parent=132651"}],"wp:term":[{"taxonomy":"product_brand","embeddable":true,"href":"https:\/\/www.ernstbrunn-apotheke.at\/katalog\/wp-json\/wp\/v2\/product_brand?post=132651"},{"taxonomy":"product_cat","embeddable":true,"href":"https:\/\/www.ernstbrunn-apotheke.at\/katalog\/wp-json\/wp\/v2\/product_cat?post=132651"},{"taxonomy":"product_tag","embeddable":true,"href":"https:\/\/www.ernstbrunn-apotheke.at\/katalog\/wp-json\/wp\/v2\/product_tag?post=132651"}],"curies":[{"name":"wp","href":"https:\/\/api.w.org\/{rel}","templated":true}]}}