{"id":132623,"date":"2025-11-14T14:36:50","date_gmt":"2025-11-14T13:36:50","guid":{"rendered":"https:\/\/www.ernstbrunn-apotheke.at\/katalog\/produkt\/schwedenkraeuter-gel-mit-propolis-100-ml\/"},"modified":"2025-12-09T10:18:10","modified_gmt":"2025-12-09T09:18:10","slug":"schwedenkraeuter-gel-mit-propolis-100-ml","status":"publish","type":"product","link":"https:\/\/www.ernstbrunn-apotheke.at\/katalog\/produkt\/schwedenkraeuter-gel-mit-propolis-100-ml\/","title":{"rendered":"Schwedenkr\u00e4uter Gel mit Propolis 100 ml"},"content":{"rendered":"<p>Die \u00e4u\u00dferliche Anwendung von Schwedenkr\u00e4uter Gel mit Propolis hilft bei Verspannung, Verstauchung, bei Prellungen, Entz\u00fcndungen, sowie zur F\u00f6rderung der Durchblutung, nach Insektenstichen und macht m\u00fcde Beine wieder munter.<\/p>\n","protected":false},"excerpt":{"rendered":"<p>Die \u00e4u\u00dferliche Anwendung von Schwedenkr\u00e4uter Gel mit Propolis hilft bei Verspannung, Verstauchung, bei Prellungen, Entz\u00fcndungen, sowie zur F\u00f6rderung der Durchblutung, nach Insektenstichen und macht m\u00fcde Beine wieder munter.<\/p>\n","protected":false},"featured_media":132625,"template":"","meta":{"_acf_changed":false},"product_brand":[],"product_cat":[791],"product_tag":[],"class_list":{"0":"post-132623","1":"product","2":"type-product","3":"status-publish","4":"has-post-thumbnail","6":"product_cat-s","7":"pa_packungsgroesse-100ml","9":"first","10":"instock","11":"shipping-taxable","12":"purchasable","13":"product-type-simple"},"acf":[],"_links":{"self":[{"href":"https:\/\/www.ernstbrunn-apotheke.at\/katalog\/wp-json\/wp\/v2\/product\/132623","targetHints":{"allow":["GET"]}}],"collection":[{"href":"https:\/\/www.ernstbrunn-apotheke.at\/katalog\/wp-json\/wp\/v2\/product"}],"about":[{"href":"https:\/\/www.ernstbrunn-apotheke.at\/katalog\/wp-json\/wp\/v2\/types\/product"}],"wp:featuredmedia":[{"embeddable":true,"href":"https:\/\/www.ernstbrunn-apotheke.at\/katalog\/wp-json\/wp\/v2\/media\/132625"}],"wp:attachment":[{"href":"https:\/\/www.ernstbrunn-apotheke.at\/katalog\/wp-json\/wp\/v2\/media?parent=132623"}],"wp:term":[{"taxonomy":"product_brand","embeddable":true,"href":"https:\/\/www.ernstbrunn-apotheke.at\/katalog\/wp-json\/wp\/v2\/product_brand?post=132623"},{"taxonomy":"product_cat","embeddable":true,"href":"https:\/\/www.ernstbrunn-apotheke.at\/katalog\/wp-json\/wp\/v2\/product_cat?post=132623"},{"taxonomy":"product_tag","embeddable":true,"href":"https:\/\/www.ernstbrunn-apotheke.at\/katalog\/wp-json\/wp\/v2\/product_tag?post=132623"}],"curies":[{"name":"wp","href":"https:\/\/api.w.org\/{rel}","templated":true}]}}