{"id":132620,"date":"2025-11-14T14:36:50","date_gmt":"2025-11-14T13:36:50","guid":{"rendered":"https:\/\/www.ernstbrunn-apotheke.at\/katalog\/produkt\/drapal-schwedenbitter-500-ml\/"},"modified":"2025-12-09T10:18:09","modified_gmt":"2025-12-09T09:18:09","slug":"drapal-schwedenbitter-500-ml","status":"publish","type":"product","link":"https:\/\/www.ernstbrunn-apotheke.at\/katalog\/produkt\/drapal-schwedenbitter-500-ml\/","title":{"rendered":"Drapal Schwedenbitter 500 ml"},"content":{"rendered":"<p>Drapal Schwedenbitter wurde nur mit ausgesuchten, echten Kr\u00e4utern erzeugt und \u00fcber ein Jahr im Fass gelagert. Es ist selbstverst\u00e4ndlich, dass nur erlesene und nach strengen Ma\u00dfst\u00e4ben gepr\u00fcfte Kr\u00e4uter verwendet werden.<\/p>\n","protected":false},"excerpt":{"rendered":"<p>Drapal Schwedenbitter wurde nur mit ausgesuchten, echten Kr\u00e4utern erzeugt und \u00fcber ein Jahr im Fass gelagert. Es ist selbstverst\u00e4ndlich, dass nur erlesene und nach strengen Ma\u00dfst\u00e4ben gepr\u00fcfte Kr\u00e4uter verwendet werden.<\/p>\n","protected":false},"featured_media":132622,"template":"","meta":{"_acf_changed":false},"product_brand":[],"product_cat":[792],"product_tag":[],"class_list":{"0":"post-132620","1":"product","2":"type-product","3":"status-publish","4":"has-post-thumbnail","6":"product_cat-d","7":"pa_packungsgroesse-500ml","9":"first","10":"instock","11":"shipping-taxable","12":"purchasable","13":"product-type-simple"},"acf":[],"_links":{"self":[{"href":"https:\/\/www.ernstbrunn-apotheke.at\/katalog\/wp-json\/wp\/v2\/product\/132620","targetHints":{"allow":["GET"]}}],"collection":[{"href":"https:\/\/www.ernstbrunn-apotheke.at\/katalog\/wp-json\/wp\/v2\/product"}],"about":[{"href":"https:\/\/www.ernstbrunn-apotheke.at\/katalog\/wp-json\/wp\/v2\/types\/product"}],"wp:featuredmedia":[{"embeddable":true,"href":"https:\/\/www.ernstbrunn-apotheke.at\/katalog\/wp-json\/wp\/v2\/media\/132622"}],"wp:attachment":[{"href":"https:\/\/www.ernstbrunn-apotheke.at\/katalog\/wp-json\/wp\/v2\/media?parent=132620"}],"wp:term":[{"taxonomy":"product_brand","embeddable":true,"href":"https:\/\/www.ernstbrunn-apotheke.at\/katalog\/wp-json\/wp\/v2\/product_brand?post=132620"},{"taxonomy":"product_cat","embeddable":true,"href":"https:\/\/www.ernstbrunn-apotheke.at\/katalog\/wp-json\/wp\/v2\/product_cat?post=132620"},{"taxonomy":"product_tag","embeddable":true,"href":"https:\/\/www.ernstbrunn-apotheke.at\/katalog\/wp-json\/wp\/v2\/product_tag?post=132620"}],"curies":[{"name":"wp","href":"https:\/\/api.w.org\/{rel}","templated":true}]}}