{"id":132617,"date":"2025-11-14T14:36:50","date_gmt":"2025-11-14T13:36:50","guid":{"rendered":"https:\/\/www.ernstbrunn-apotheke.at\/katalog\/produkt\/dynamis-aegyptisches-schwarzkuemmel-oel-kapseln-500-e-3-x-60-stk\/"},"modified":"2025-12-09T10:18:09","modified_gmt":"2025-12-09T09:18:09","slug":"dynamis-aegyptisches-schwarzkuemmel-oel-kapseln-500-e-3-x-60-stk","status":"publish","type":"product","link":"https:\/\/www.ernstbrunn-apotheke.at\/katalog\/produkt\/dynamis-aegyptisches-schwarzkuemmel-oel-kapseln-500-e-3-x-60-stk\/","title":{"rendered":"Dynamis \u00c4gyptisches Schwarzk\u00fcmmel \u00d6l Kapseln 500 + E 3 x 60 Stk."},"content":{"rendered":"<p>Dynamis \u00c4gyptisches Schwarzk\u00fcmmel \u00d6l Kapseln 500 + E enthalten ein hochwertiges \u00d6l, welches durch die enthaltenen \u00e4therischen \u00d6le seine besondere W\u00fcrze verliehen bekommt. Schwarzk\u00fcmmelsamen und Schwarzk\u00fcmmel\u00f6l sch\u00e4tzte man im Orient schon zur der Zeit der Pharaonen. Dieses Produkt ist in den Packungsgr\u00f6\u00dfen 60, 120 und 180 St\u00fcck erh\u00e4ltlich.<\/p>\n","protected":false},"excerpt":{"rendered":"<p>Dynamis \u00c4gyptisches Schwarzk\u00fcmmel \u00d6l Kapseln 500 + E enthalten ein hochwertiges \u00d6l, welches durch die enthaltenen \u00e4therischen \u00d6le seine besondere W\u00fcrze verliehen bekommt. Schwarzk\u00fcmmelsamen und Schwarzk\u00fcmmel\u00f6l sch\u00e4tzte man im Orient schon zur der Zeit der Pharaonen. Dieses Produkt ist in den Packungsgr\u00f6\u00dfen 60, 120 und 180 St\u00fcck erh\u00e4ltlich.<\/p>\n","protected":false},"featured_media":132619,"template":"","meta":{"_acf_changed":false},"product_brand":[],"product_cat":[792],"product_tag":[],"class_list":{"0":"post-132617","1":"product","2":"type-product","3":"status-publish","4":"has-post-thumbnail","6":"product_cat-d","7":"pa_packungsgroesse-180-stueck","9":"first","10":"instock","11":"shipping-taxable","12":"purchasable","13":"product-type-simple"},"acf":[],"_links":{"self":[{"href":"https:\/\/www.ernstbrunn-apotheke.at\/katalog\/wp-json\/wp\/v2\/product\/132617","targetHints":{"allow":["GET"]}}],"collection":[{"href":"https:\/\/www.ernstbrunn-apotheke.at\/katalog\/wp-json\/wp\/v2\/product"}],"about":[{"href":"https:\/\/www.ernstbrunn-apotheke.at\/katalog\/wp-json\/wp\/v2\/types\/product"}],"wp:featuredmedia":[{"embeddable":true,"href":"https:\/\/www.ernstbrunn-apotheke.at\/katalog\/wp-json\/wp\/v2\/media\/132619"}],"wp:attachment":[{"href":"https:\/\/www.ernstbrunn-apotheke.at\/katalog\/wp-json\/wp\/v2\/media?parent=132617"}],"wp:term":[{"taxonomy":"product_brand","embeddable":true,"href":"https:\/\/www.ernstbrunn-apotheke.at\/katalog\/wp-json\/wp\/v2\/product_brand?post=132617"},{"taxonomy":"product_cat","embeddable":true,"href":"https:\/\/www.ernstbrunn-apotheke.at\/katalog\/wp-json\/wp\/v2\/product_cat?post=132617"},{"taxonomy":"product_tag","embeddable":true,"href":"https:\/\/www.ernstbrunn-apotheke.at\/katalog\/wp-json\/wp\/v2\/product_tag?post=132617"}],"curies":[{"name":"wp","href":"https:\/\/api.w.org\/{rel}","templated":true}]}}