{"id":132587,"date":"2025-11-14T14:36:50","date_gmt":"2025-11-14T13:36:50","guid":{"rendered":"https:\/\/www.ernstbrunn-apotheke.at\/katalog\/produkt\/ratiopharm-schwangerschafts-fruehtest-1-stk\/"},"modified":"2025-12-09T10:18:08","modified_gmt":"2025-12-09T09:18:08","slug":"ratiopharm-schwangerschafts-fruehtest-1-stk","status":"publish","type":"product","link":"https:\/\/www.ernstbrunn-apotheke.at\/katalog\/produkt\/ratiopharm-schwangerschafts-fruehtest-1-stk\/","title":{"rendered":"Ratiopharm Schwangerschafts-Fr\u00fchtest 1 Stk."},"content":{"rendered":"<p>Ratiopharm Schwangerschafts-Fr\u00fchtest zur fr\u00fchzeitigen Erkennung einer Schwangerschaft. Ergebnis in nur 3 Minuten mit \u00fcber 99% Zuverl\u00e4ssigkeit. Einfache Anwendung. Erkennung der Schwangerschaft \u00fcber das Schwangerschaftshormon hCG (humanes Choriongonadotropin) im Urin.<\/p>\n","protected":false},"excerpt":{"rendered":"<p>Ratiopharm Schwangerschafts-Fr\u00fchtest zur fr\u00fchzeitigen Erkennung einer Schwangerschaft. Ergebnis in nur 3 Minuten mit \u00fcber 99% Zuverl\u00e4ssigkeit. Einfache Anwendung. Erkennung der Schwangerschaft \u00fcber das Schwangerschaftshormon hCG (humanes Choriongonadotropin) im Urin.<\/p>\n","protected":false},"featured_media":132589,"template":"","meta":{"_acf_changed":false},"product_brand":[],"product_cat":[808],"product_tag":[],"class_list":{"0":"post-132587","1":"product","2":"type-product","3":"status-publish","4":"has-post-thumbnail","6":"product_cat-r","7":"pa_packungsgroesse-1-stueck","9":"first","10":"instock","11":"shipping-taxable","12":"purchasable","13":"product-type-simple"},"acf":[],"_links":{"self":[{"href":"https:\/\/www.ernstbrunn-apotheke.at\/katalog\/wp-json\/wp\/v2\/product\/132587","targetHints":{"allow":["GET"]}}],"collection":[{"href":"https:\/\/www.ernstbrunn-apotheke.at\/katalog\/wp-json\/wp\/v2\/product"}],"about":[{"href":"https:\/\/www.ernstbrunn-apotheke.at\/katalog\/wp-json\/wp\/v2\/types\/product"}],"wp:featuredmedia":[{"embeddable":true,"href":"https:\/\/www.ernstbrunn-apotheke.at\/katalog\/wp-json\/wp\/v2\/media\/132589"}],"wp:attachment":[{"href":"https:\/\/www.ernstbrunn-apotheke.at\/katalog\/wp-json\/wp\/v2\/media?parent=132587"}],"wp:term":[{"taxonomy":"product_brand","embeddable":true,"href":"https:\/\/www.ernstbrunn-apotheke.at\/katalog\/wp-json\/wp\/v2\/product_brand?post=132587"},{"taxonomy":"product_cat","embeddable":true,"href":"https:\/\/www.ernstbrunn-apotheke.at\/katalog\/wp-json\/wp\/v2\/product_cat?post=132587"},{"taxonomy":"product_tag","embeddable":true,"href":"https:\/\/www.ernstbrunn-apotheke.at\/katalog\/wp-json\/wp\/v2\/product_tag?post=132587"}],"curies":[{"name":"wp","href":"https:\/\/api.w.org\/{rel}","templated":true}]}}