{"id":132583,"date":"2025-11-14T14:36:50","date_gmt":"2025-11-14T13:36:50","guid":{"rendered":"https:\/\/www.ernstbrunn-apotheke.at\/katalog\/produkt\/adler-pharma-schuessler-face-fresh-200-ml\/"},"modified":"2025-12-09T10:18:06","modified_gmt":"2025-12-09T09:18:06","slug":"adler-pharma-schuessler-face-fresh-200-ml","status":"publish","type":"product","link":"https:\/\/www.ernstbrunn-apotheke.at\/katalog\/produkt\/adler-pharma-schuessler-face-fresh-200-ml\/","title":{"rendered":"Adler Pharma Sch\u00fc\u00dfler Face Fresh 200 ml"},"content":{"rendered":"<p>Adler Pharma Dr. Sch\u00fc\u00dfler Face Fresh ist erfrischend und wegen des Gehaltes an Teebaum\u00f6l leicht desinfizierend. Die enthaltenen hoch verd\u00fcnnten Mineralstoffe unterst\u00fctzen das Stoffwechselgeschehen der Haut und bereiten auf die nachfolgende Gesichtspflege vor.<\/p>\n","protected":false},"excerpt":{"rendered":"<p>Adler Pharma Dr. Sch\u00fc\u00dfler Face Fresh ist erfrischend und wegen des Gehaltes an Teebaum\u00f6l leicht desinfizierend. Die enthaltenen hoch verd\u00fcnnten Mineralstoffe unterst\u00fctzen das Stoffwechselgeschehen der Haut und bereiten auf die nachfolgende Gesichtspflege vor.<\/p>\n","protected":false},"featured_media":132585,"template":"","meta":{"_acf_changed":false},"product_brand":[],"product_cat":[801],"product_tag":[],"class_list":{"0":"post-132583","1":"product","2":"type-product","3":"status-publish","4":"has-post-thumbnail","6":"product_cat-a","7":"pa_packungsgroesse-200ml","9":"first","10":"instock","11":"shipping-taxable","12":"purchasable","13":"product-type-simple"},"acf":[],"_links":{"self":[{"href":"https:\/\/www.ernstbrunn-apotheke.at\/katalog\/wp-json\/wp\/v2\/product\/132583","targetHints":{"allow":["GET"]}}],"collection":[{"href":"https:\/\/www.ernstbrunn-apotheke.at\/katalog\/wp-json\/wp\/v2\/product"}],"about":[{"href":"https:\/\/www.ernstbrunn-apotheke.at\/katalog\/wp-json\/wp\/v2\/types\/product"}],"wp:featuredmedia":[{"embeddable":true,"href":"https:\/\/www.ernstbrunn-apotheke.at\/katalog\/wp-json\/wp\/v2\/media\/132585"}],"wp:attachment":[{"href":"https:\/\/www.ernstbrunn-apotheke.at\/katalog\/wp-json\/wp\/v2\/media?parent=132583"}],"wp:term":[{"taxonomy":"product_brand","embeddable":true,"href":"https:\/\/www.ernstbrunn-apotheke.at\/katalog\/wp-json\/wp\/v2\/product_brand?post=132583"},{"taxonomy":"product_cat","embeddable":true,"href":"https:\/\/www.ernstbrunn-apotheke.at\/katalog\/wp-json\/wp\/v2\/product_cat?post=132583"},{"taxonomy":"product_tag","embeddable":true,"href":"https:\/\/www.ernstbrunn-apotheke.at\/katalog\/wp-json\/wp\/v2\/product_tag?post=132583"}],"curies":[{"name":"wp","href":"https:\/\/api.w.org\/{rel}","templated":true}]}}