{"id":132541,"date":"2025-11-14T14:36:16","date_gmt":"2025-11-14T13:36:16","guid":{"rendered":"https:\/\/www.ernstbrunn-apotheke.at\/katalog\/produkt\/adler-pharma-schuessler-nr-25-aurum-chloratum-natronatum-1-kg-d-12\/"},"modified":"2025-12-09T10:18:01","modified_gmt":"2025-12-09T09:18:01","slug":"adler-pharma-schuessler-nr-25-aurum-chloratum-natronatum-1-kg-d-12","status":"publish","type":"product","link":"https:\/\/www.ernstbrunn-apotheke.at\/katalog\/produkt\/adler-pharma-schuessler-nr-25-aurum-chloratum-natronatum-1-kg-d-12\/","title":{"rendered":"Adler Pharma Sch\u00fc\u00dfler Nr. 25 Aurum Chloratum Natronatum 1 kg D 12"},"content":{"rendered":"<p>Sch\u00fc\u00dfler Nr. 25 Aurum Chloratum Natronatum wirkt auf die Zirbeldr\u00fcse ein, welche das Hormon Melatonin bildet. Dieses ist verantwortlich f\u00fcr den Biorhythmus des Menschen und steuert so den Wach- und Schlafrhythmus. Auch der weibliche Menstruationszyklus wird durch Melatonin beeinflusst. Daher kann mit dem Sch\u00fcssler-Salz Nr. 25 jede Art von biologischer Rhythmusst\u00f6rung behandelt werden.<\/p>\n","protected":false},"excerpt":{"rendered":"<p>Sch\u00fc\u00dfler Nr. 25 Aurum Chloratum Natronatum wirkt auf die Zirbeldr\u00fcse ein, welche das Hormon Melatonin bildet. Dieses ist verantwortlich f\u00fcr den Biorhythmus des Menschen und steuert so den Wach- und Schlafrhythmus. Auch der weibliche Menstruationszyklus wird durch Melatonin beeinflusst. Daher kann mit dem Sch\u00fcssler-Salz Nr. 25 jede Art von biologischer Rhythmusst\u00f6rung behandelt werden.<\/p>\n","protected":false},"featured_media":132543,"template":"","meta":{"_acf_changed":false},"product_brand":[],"product_cat":[801],"product_tag":[],"class_list":{"0":"post-132541","1":"product","2":"type-product","3":"status-publish","4":"has-post-thumbnail","6":"product_cat-a","7":"pa_packungsgroesse-1000g","9":"first","10":"instock","11":"shipping-taxable","12":"purchasable","13":"product-type-simple"},"acf":[],"_links":{"self":[{"href":"https:\/\/www.ernstbrunn-apotheke.at\/katalog\/wp-json\/wp\/v2\/product\/132541","targetHints":{"allow":["GET"]}}],"collection":[{"href":"https:\/\/www.ernstbrunn-apotheke.at\/katalog\/wp-json\/wp\/v2\/product"}],"about":[{"href":"https:\/\/www.ernstbrunn-apotheke.at\/katalog\/wp-json\/wp\/v2\/types\/product"}],"wp:featuredmedia":[{"embeddable":true,"href":"https:\/\/www.ernstbrunn-apotheke.at\/katalog\/wp-json\/wp\/v2\/media\/132543"}],"wp:attachment":[{"href":"https:\/\/www.ernstbrunn-apotheke.at\/katalog\/wp-json\/wp\/v2\/media?parent=132541"}],"wp:term":[{"taxonomy":"product_brand","embeddable":true,"href":"https:\/\/www.ernstbrunn-apotheke.at\/katalog\/wp-json\/wp\/v2\/product_brand?post=132541"},{"taxonomy":"product_cat","embeddable":true,"href":"https:\/\/www.ernstbrunn-apotheke.at\/katalog\/wp-json\/wp\/v2\/product_cat?post=132541"},{"taxonomy":"product_tag","embeddable":true,"href":"https:\/\/www.ernstbrunn-apotheke.at\/katalog\/wp-json\/wp\/v2\/product_tag?post=132541"}],"curies":[{"name":"wp","href":"https:\/\/api.w.org\/{rel}","templated":true}]}}