{"id":132436,"date":"2025-11-14T14:35:19","date_gmt":"2025-11-14T13:35:19","guid":{"rendered":"https:\/\/www.ernstbrunn-apotheke.at\/katalog\/produkt\/pflueger-dr-schuessler-nr-6-kalium-sulfuricum-30-ml\/"},"modified":"2025-12-09T10:17:49","modified_gmt":"2025-12-09T09:17:49","slug":"pflueger-dr-schuessler-nr-6-kalium-sulfuricum-30-ml","status":"publish","type":"product","link":"https:\/\/www.ernstbrunn-apotheke.at\/katalog\/produkt\/pflueger-dr-schuessler-nr-6-kalium-sulfuricum-30-ml\/","title":{"rendered":"Pfl\u00fcger Dr. Sch\u00fc\u00dfler Nr. 6 Kalium Sulfuricum 30 ml"},"content":{"rendered":"<p>Pfl\u00fcger Dr. Sch\u00fc\u00dfler Nr. 6 Kalium Sulfuricum steigert die Leistungsf\u00e4higkeit der Leber und ist durch seine austreibende Wirkung, an den Entgiftungsprozessen im K\u00f6rper ma\u00dfgeblich beteiligt. Es kommt in Haut, Schleimh\u00e4uten, N\u00e4geln, Knochen sowie der Muskulatur vor und f\u00f6rdert alle Vorg\u00e4nge, welche f\u00fcr den Transport des aufgenommenen Sauerstoffs notwendig sind.<\/p>\n","protected":false},"excerpt":{"rendered":"<p>Pfl\u00fcger Dr. Sch\u00fc\u00dfler Nr. 6 Kalium Sulfuricum steigert die Leistungsf\u00e4higkeit der Leber und ist durch seine austreibende Wirkung, an den Entgiftungsprozessen im K\u00f6rper ma\u00dfgeblich beteiligt. Es kommt in Haut, Schleimh\u00e4uten, N\u00e4geln, Knochen sowie der Muskulatur vor und f\u00f6rdert alle Vorg\u00e4nge, welche f\u00fcr den Transport des aufgenommenen Sauerstoffs notwendig sind.<\/p>\n","protected":false},"featured_media":132438,"template":"","meta":{"_acf_changed":false},"product_brand":[],"product_cat":[793],"product_tag":[],"class_list":{"0":"post-132436","1":"product","2":"type-product","3":"status-publish","4":"has-post-thumbnail","6":"product_cat-p","7":"pa_packungsgroesse-30ml","9":"first","10":"instock","11":"shipping-taxable","12":"purchasable","13":"product-type-simple"},"acf":[],"_links":{"self":[{"href":"https:\/\/www.ernstbrunn-apotheke.at\/katalog\/wp-json\/wp\/v2\/product\/132436","targetHints":{"allow":["GET"]}}],"collection":[{"href":"https:\/\/www.ernstbrunn-apotheke.at\/katalog\/wp-json\/wp\/v2\/product"}],"about":[{"href":"https:\/\/www.ernstbrunn-apotheke.at\/katalog\/wp-json\/wp\/v2\/types\/product"}],"wp:featuredmedia":[{"embeddable":true,"href":"https:\/\/www.ernstbrunn-apotheke.at\/katalog\/wp-json\/wp\/v2\/media\/132438"}],"wp:attachment":[{"href":"https:\/\/www.ernstbrunn-apotheke.at\/katalog\/wp-json\/wp\/v2\/media?parent=132436"}],"wp:term":[{"taxonomy":"product_brand","embeddable":true,"href":"https:\/\/www.ernstbrunn-apotheke.at\/katalog\/wp-json\/wp\/v2\/product_brand?post=132436"},{"taxonomy":"product_cat","embeddable":true,"href":"https:\/\/www.ernstbrunn-apotheke.at\/katalog\/wp-json\/wp\/v2\/product_cat?post=132436"},{"taxonomy":"product_tag","embeddable":true,"href":"https:\/\/www.ernstbrunn-apotheke.at\/katalog\/wp-json\/wp\/v2\/product_tag?post=132436"}],"curies":[{"name":"wp","href":"https:\/\/api.w.org\/{rel}","templated":true}]}}