{"id":132389,"date":"2025-11-14T14:34:57","date_gmt":"2025-11-14T13:34:57","guid":{"rendered":"https:\/\/www.ernstbrunn-apotheke.at\/katalog\/produkt\/pflueger-dr-schuessler-nr-2-calcium-phosphoricum-30-ml\/"},"modified":"2025-12-09T10:17:44","modified_gmt":"2025-12-09T09:17:44","slug":"pflueger-dr-schuessler-nr-2-calcium-phosphoricum-30-ml","status":"publish","type":"product","link":"https:\/\/www.ernstbrunn-apotheke.at\/katalog\/produkt\/pflueger-dr-schuessler-nr-2-calcium-phosphoricum-30-ml\/","title":{"rendered":"Pfl\u00fcger Dr. Sch\u00fc\u00dfler Nr. 2 Calcium Phosphoricum 30 ml"},"content":{"rendered":"<p>Pfl\u00fcger Dr. Sch\u00fc\u00dfler Nr. 2 Calcium Phosphoricum ist an der Knochen- und Zahnentwicklung beteiligt, wirkt regulierend auf den Eiwei\u00dfstoffwechsel und unterst\u00fctzt die Kalkverwertung. Zudem normalisiert es den Tonus der willk\u00fcrlichen Muskulatur und f\u00f6rdert die Blutbildung und Wundheilung. Nach Dr. Sch\u00fc\u00dfler ist Calcium phosphoricum ein wichtiger Mineralstoff bei Schw\u00e4chezust\u00e4nden und Rekonvaleszenz.<\/p>\n","protected":false},"excerpt":{"rendered":"<p>Pfl\u00fcger Dr. Sch\u00fc\u00dfler Nr. 2 Calcium Phosphoricum ist an der Knochen- und Zahnentwicklung beteiligt, wirkt regulierend auf den Eiwei\u00dfstoffwechsel und unterst\u00fctzt die Kalkverwertung. Zudem normalisiert es den Tonus der willk\u00fcrlichen Muskulatur und f\u00f6rdert die Blutbildung und Wundheilung. Nach Dr. Sch\u00fc\u00dfler ist Calcium phosphoricum ein wichtiger Mineralstoff bei Schw\u00e4chezust\u00e4nden und Rekonvaleszenz.<\/p>\n","protected":false},"featured_media":132391,"template":"","meta":{"_acf_changed":false},"product_brand":[],"product_cat":[793],"product_tag":[],"class_list":{"0":"post-132389","1":"product","2":"type-product","3":"status-publish","4":"has-post-thumbnail","6":"product_cat-p","7":"pa_packungsgroesse-30ml","9":"first","10":"instock","11":"shipping-taxable","12":"purchasable","13":"product-type-simple"},"acf":[],"_links":{"self":[{"href":"https:\/\/www.ernstbrunn-apotheke.at\/katalog\/wp-json\/wp\/v2\/product\/132389","targetHints":{"allow":["GET"]}}],"collection":[{"href":"https:\/\/www.ernstbrunn-apotheke.at\/katalog\/wp-json\/wp\/v2\/product"}],"about":[{"href":"https:\/\/www.ernstbrunn-apotheke.at\/katalog\/wp-json\/wp\/v2\/types\/product"}],"wp:featuredmedia":[{"embeddable":true,"href":"https:\/\/www.ernstbrunn-apotheke.at\/katalog\/wp-json\/wp\/v2\/media\/132391"}],"wp:attachment":[{"href":"https:\/\/www.ernstbrunn-apotheke.at\/katalog\/wp-json\/wp\/v2\/media?parent=132389"}],"wp:term":[{"taxonomy":"product_brand","embeddable":true,"href":"https:\/\/www.ernstbrunn-apotheke.at\/katalog\/wp-json\/wp\/v2\/product_brand?post=132389"},{"taxonomy":"product_cat","embeddable":true,"href":"https:\/\/www.ernstbrunn-apotheke.at\/katalog\/wp-json\/wp\/v2\/product_cat?post=132389"},{"taxonomy":"product_tag","embeddable":true,"href":"https:\/\/www.ernstbrunn-apotheke.at\/katalog\/wp-json\/wp\/v2\/product_tag?post=132389"}],"curies":[{"name":"wp","href":"https:\/\/api.w.org\/{rel}","templated":true}]}}