{"id":13237,"date":"2025-11-07T15:03:36","date_gmt":"2025-11-07T14:03:36","guid":{"rendered":"https:\/\/www.ernstbrunn-apotheke.at\/katalog\/produkt\/espara-calcium-koralle-kapseln-60-stk\/"},"modified":"2025-12-08T13:34:56","modified_gmt":"2025-12-08T12:34:56","slug":"espara-calcium-koralle-kapseln-60-stk","status":"publish","type":"product","link":"https:\/\/www.ernstbrunn-apotheke.at\/katalog\/produkt\/espara-calcium-koralle-kapseln-60-stk\/","title":{"rendered":"Espara Calcium-Koralle Kapseln 60 Stk."},"content":{"rendered":"<p>Nahrungserg\u00e4nzungsmittel mit dem Mineralstoff Calcium (aus der Sango-Koralle) und Vitamin D. Calcium wird f\u00fcr die Erhaltung normaler Knochen und Z\u00e4hne ben\u00f6tigt. Vitamin D tr\u00e4gt zu einem normalen Calciumspiegel im Blut und somit zur Erhaltung normaler Knochen bei.<\/p>\n","protected":false},"excerpt":{"rendered":"<p>Nahrungserg\u00e4nzungsmittel mit dem Mineralstoff Calcium (aus der Sango-Koralle) und Vitamin D. Calcium wird f\u00fcr die Erhaltung normaler Knochen und Z\u00e4hne ben\u00f6tigt. Vitamin D tr\u00e4gt zu einem normalen Calciumspiegel im Blut und somit zur Erhaltung normaler Knochen bei.<\/p>\n","protected":false},"featured_media":13239,"template":"","meta":{"_acf_changed":false},"product_brand":[383],"product_cat":[794],"product_tag":[],"class_list":{"0":"post-13237","1":"product","2":"type-product","3":"status-publish","4":"has-post-thumbnail","6":"product_brand-espara","7":"product_cat-e","8":"pa_packungsgroesse-60-stueck","10":"first","11":"instock","12":"shipping-taxable","13":"purchasable","14":"product-type-simple"},"acf":[],"_links":{"self":[{"href":"https:\/\/www.ernstbrunn-apotheke.at\/katalog\/wp-json\/wp\/v2\/product\/13237","targetHints":{"allow":["GET"]}}],"collection":[{"href":"https:\/\/www.ernstbrunn-apotheke.at\/katalog\/wp-json\/wp\/v2\/product"}],"about":[{"href":"https:\/\/www.ernstbrunn-apotheke.at\/katalog\/wp-json\/wp\/v2\/types\/product"}],"wp:featuredmedia":[{"embeddable":true,"href":"https:\/\/www.ernstbrunn-apotheke.at\/katalog\/wp-json\/wp\/v2\/media\/13239"}],"wp:attachment":[{"href":"https:\/\/www.ernstbrunn-apotheke.at\/katalog\/wp-json\/wp\/v2\/media?parent=13237"}],"wp:term":[{"taxonomy":"product_brand","embeddable":true,"href":"https:\/\/www.ernstbrunn-apotheke.at\/katalog\/wp-json\/wp\/v2\/product_brand?post=13237"},{"taxonomy":"product_cat","embeddable":true,"href":"https:\/\/www.ernstbrunn-apotheke.at\/katalog\/wp-json\/wp\/v2\/product_cat?post=13237"},{"taxonomy":"product_tag","embeddable":true,"href":"https:\/\/www.ernstbrunn-apotheke.at\/katalog\/wp-json\/wp\/v2\/product_tag?post=13237"}],"curies":[{"name":"wp","href":"https:\/\/api.w.org\/{rel}","templated":true}]}}