{"id":13227,"date":"2025-11-07T15:03:36","date_gmt":"2025-11-07T14:03:36","guid":{"rendered":"https:\/\/www.ernstbrunn-apotheke.at\/katalog\/produkt\/weihrauch-h15-kapseln-350mg\/"},"modified":"2025-12-08T13:34:55","modified_gmt":"2025-12-08T12:34:55","slug":"weihrauch-h15-kapseln-350mg","status":"publish","type":"product","link":"https:\/\/www.ernstbrunn-apotheke.at\/katalog\/produkt\/weihrauch-h15-kapseln-350mg\/","title":{"rendered":"Weihrauch H15 Kapseln 350mg"},"content":{"rendered":"<p>Gall Pharma Weihrauch H15 350 mg Kapseln 100 Stk. enthalten Boswellia serrata-Trockenextrakt in einer Hartgelatinekapsel. Der indische Weihrauch aus der Pflanze Boswellia serrata ist ein klassisches pflanzliches Vielstoffgemisch und wird in der traditionellen Naturheilkunde (Ayurveda) seit \u00fcber 300 Jahren als Salbe bei Entz\u00fcndungen, Knochenbr\u00fcchen, Schwellungen und Geschw\u00fcren aufgetragen. Innerlich wird er bei chronischen Darmerkrankungen, H\u00e4morrhoiden und Entz\u00fcndungen (Rheuma) eingesetzt. Nach Ansicht des Ayurveda greift Weihrauch harmonisierend in den menschlichen Energiekreislauf ein.<\/p>\n","protected":false},"excerpt":{"rendered":"<p>Gall Pharma Weihrauch H15 350 mg Kapseln 100 Stk. enthalten Boswellia serrata-Trockenextrakt in einer Hartgelatinekapsel. Der indische Weihrauch aus der Pflanze Boswellia serrata ist ein klassisches pflanzliches Vielstoffgemisch und wird in der traditionellen Naturheilkunde (Ayurveda) seit \u00fcber 300 Jahren als Salbe bei Entz\u00fcndungen, Knochenbr\u00fcchen, Schwellungen und Geschw\u00fcren aufgetragen. Innerlich wird er bei chronischen Darmerkrankungen, H\u00e4morrhoiden [&hellip;]<\/p>\n","protected":false},"featured_media":13229,"template":"","meta":{"_acf_changed":false},"product_brand":[371],"product_cat":[796],"product_tag":[],"class_list":{"0":"post-13227","1":"product","2":"type-product","3":"status-publish","4":"has-post-thumbnail","6":"product_brand-gall-pharma","7":"product_cat-w","8":"pa_packungsgroesse-100-stueck","9":"pa_packungsgroesse-180-stueck","10":"pa_packungsgroesse-360-stueck","12":"first","13":"instock","14":"shipping-taxable","15":"purchasable","16":"product-type-simple"},"acf":[],"_links":{"self":[{"href":"https:\/\/www.ernstbrunn-apotheke.at\/katalog\/wp-json\/wp\/v2\/product\/13227","targetHints":{"allow":["GET"]}}],"collection":[{"href":"https:\/\/www.ernstbrunn-apotheke.at\/katalog\/wp-json\/wp\/v2\/product"}],"about":[{"href":"https:\/\/www.ernstbrunn-apotheke.at\/katalog\/wp-json\/wp\/v2\/types\/product"}],"wp:featuredmedia":[{"embeddable":true,"href":"https:\/\/www.ernstbrunn-apotheke.at\/katalog\/wp-json\/wp\/v2\/media\/13229"}],"wp:attachment":[{"href":"https:\/\/www.ernstbrunn-apotheke.at\/katalog\/wp-json\/wp\/v2\/media?parent=13227"}],"wp:term":[{"taxonomy":"product_brand","embeddable":true,"href":"https:\/\/www.ernstbrunn-apotheke.at\/katalog\/wp-json\/wp\/v2\/product_brand?post=13227"},{"taxonomy":"product_cat","embeddable":true,"href":"https:\/\/www.ernstbrunn-apotheke.at\/katalog\/wp-json\/wp\/v2\/product_cat?post=13227"},{"taxonomy":"product_tag","embeddable":true,"href":"https:\/\/www.ernstbrunn-apotheke.at\/katalog\/wp-json\/wp\/v2\/product_tag?post=13227"}],"curies":[{"name":"wp","href":"https:\/\/api.w.org\/{rel}","templated":true}]}}