{"id":13222,"date":"2025-11-07T15:03:36","date_gmt":"2025-11-07T14:03:36","guid":{"rendered":"https:\/\/www.ernstbrunn-apotheke.at\/katalog\/produkt\/innovazym-plus-4-wochen-packung-1-stk\/"},"modified":"2025-12-08T13:34:54","modified_gmt":"2025-12-08T12:34:54","slug":"innovazym-plus-4-wochen-packung-1-stk","status":"publish","type":"product","link":"https:\/\/www.ernstbrunn-apotheke.at\/katalog\/produkt\/innovazym-plus-4-wochen-packung-1-stk\/","title":{"rendered":"innovazym PLUS 4-Wochen Packung 1 Stk."},"content":{"rendered":"<p>innovazym\u00ae PLUS mit zahlreichen wertvollen Vitaminen und Spurenelementen sowie Omega-3-Fetts\u00e4uren und Coenzym Q10 dient zur Unterst\u00fctzung bei Mangelzust\u00e4nden wie z.B. chronisch Entz\u00fcndungen (z. B. Rheuma, Arthritis, MS), l\u00e4ngerer Einnahme von Medikamenten, Heilungsprozessen oder Aufbau und St\u00e4rkung des Immunsystems.<\/p>\n","protected":false},"excerpt":{"rendered":"<p>innovazym\u00ae PLUS mit zahlreichen wertvollen Vitaminen und Spurenelementen sowie Omega-3-Fetts\u00e4uren und Coenzym Q10 dient zur Unterst\u00fctzung bei Mangelzust\u00e4nden wie z.B. chronisch Entz\u00fcndungen (z. B. Rheuma, Arthritis, MS), l\u00e4ngerer Einnahme von Medikamenten, Heilungsprozessen oder Aufbau und St\u00e4rkung des Immunsystems.<\/p>\n","protected":false},"featured_media":13224,"template":"","meta":{"_acf_changed":false},"product_brand":[501],"product_cat":[823],"product_tag":[],"class_list":{"0":"post-13222","1":"product","2":"type-product","3":"status-publish","4":"has-post-thumbnail","6":"product_brand-innovazym","7":"product_cat-i","8":"pa_packungsgroesse-500","10":"first","11":"instock","12":"shipping-taxable","13":"purchasable","14":"product-type-simple"},"acf":[],"_links":{"self":[{"href":"https:\/\/www.ernstbrunn-apotheke.at\/katalog\/wp-json\/wp\/v2\/product\/13222","targetHints":{"allow":["GET"]}}],"collection":[{"href":"https:\/\/www.ernstbrunn-apotheke.at\/katalog\/wp-json\/wp\/v2\/product"}],"about":[{"href":"https:\/\/www.ernstbrunn-apotheke.at\/katalog\/wp-json\/wp\/v2\/types\/product"}],"wp:featuredmedia":[{"embeddable":true,"href":"https:\/\/www.ernstbrunn-apotheke.at\/katalog\/wp-json\/wp\/v2\/media\/13224"}],"wp:attachment":[{"href":"https:\/\/www.ernstbrunn-apotheke.at\/katalog\/wp-json\/wp\/v2\/media?parent=13222"}],"wp:term":[{"taxonomy":"product_brand","embeddable":true,"href":"https:\/\/www.ernstbrunn-apotheke.at\/katalog\/wp-json\/wp\/v2\/product_brand?post=13222"},{"taxonomy":"product_cat","embeddable":true,"href":"https:\/\/www.ernstbrunn-apotheke.at\/katalog\/wp-json\/wp\/v2\/product_cat?post=13222"},{"taxonomy":"product_tag","embeddable":true,"href":"https:\/\/www.ernstbrunn-apotheke.at\/katalog\/wp-json\/wp\/v2\/product_tag?post=13222"}],"curies":[{"name":"wp","href":"https:\/\/api.w.org\/{rel}","templated":true}]}}