{"id":132171,"date":"2025-11-14T14:32:06","date_gmt":"2025-11-14T13:32:06","guid":{"rendered":"https:\/\/www.ernstbrunn-apotheke.at\/katalog\/produkt\/sanopal-forte\/"},"modified":"2025-12-09T10:16:49","modified_gmt":"2025-12-09T09:16:49","slug":"sanopal-forte","status":"publish","type":"product","link":"https:\/\/www.ernstbrunn-apotheke.at\/katalog\/produkt\/sanopal-forte\/","title":{"rendered":"Sanopal Forte"},"content":{"rendered":"<p><strong>Die Formel f\u00fcr mehr Lebensenergie.<\/strong><\/p>\n<p><strong>sorgt f\u00fcr Wohlbefinden in jeder Lebenslage.<\/strong><\/p>\n<p>Sanopal mit der weltweit einzigartigen Wirkstoffkombination A5H kann Ihnen dabei helfen, zellul\u00e4ren Stress in Energie umzuwandeln. Die hochwertigen Inhaltsstoffe helfen dem K\u00f6rper wissenschaftlich erwiesen dabei, den Schutzschild vor den zerst\u00f6rerischen Auswirkungen von oxidativen Stress zu optimieren. Das unterst\u00fctzt das t\u00e4gliche Wohlbefinden, das Immunsystem und tr\u00e4gt zu einer Normalisierung des Energiestoffwechsels bei. Probieren Sie es aus und \u00fcberzeugen Sie sich von der einzigartigen Wirkung.<\/p>\n<p><strong>INHALTSSTOFFE<\/strong><\/p>\n<p>Wasser, Zucker, Alpha-Ketoglutars\u00e4ure, 5-Hydroxymethylfurfural und Magnesiumchlorid. S\u00e4ureregulator: Natriumhydroxid, Kaliumhydroxid.<\/p>\n<p>SANOPAL FORTE enth\u00e4lt A5H \u2013 eine patentierte Wirkstoff-Kombination von AKG (Alpha-Ketoglutarat) und 5-HMF (5-Hydroxymethylfurfural).<\/p>\n<p>1 Doppelsachet enth\u00e4lt 2,4 g A-KGS und 0,24 g 5-HMF.<\/p>\n<p>N\u00c4HRWERTTABELLE PRO 100 ML KONZENTRAT<\/p>\n<table border=\"0\" cellpadding=\"0\" cellspacing=\"0\" width=\"160\">\n<tbody>\n<tr height=\"20\">\n<td height=\"20\" width=\"80\">Brennwert \u00a0<\/td>\n<td width=\"80\">\u00a0856 \u00a0kJ\/200 kcal \u00a0<\/td>\n<\/tr>\n<tr height=\"20\">\n<td height=\"20\">Eiwei\u00df<\/td>\n<td>0 g<\/td>\n<\/tr>\n<tr height=\"20\">\n<td height=\"20\">Kohlenhydrate<\/td>\n<td>37 g<\/td>\n<\/tr>\n<tr height=\"20\">\n<td height=\"20\">Zucker<\/td>\n<td>37 g<\/td>\n<\/tr>\n<tr height=\"20\">\n<td height=\"20\">Fettges\u00e4ttigte<\/td>\n<td>0 g<\/td>\n<\/tr>\n<tr height=\"20\">\n<td height=\"20\">Fetts\u00e4uren<\/td>\n<td>0 g<\/td>\n<\/tr>\n<tr height=\"20\">\n<td height=\"20\">Salz<\/td>\n<td>3,13 g<\/td>\n<\/tr>\n<tr height=\"20\">\n<td height=\"20\">Kalium<\/td>\n<td>1758 mg\u00b9<\/td>\n<\/tr>\n<tr height=\"20\">\n<td height=\"20\">Magnesium<\/td>\n<td>65,7 mg\u00b2<\/td>\n<\/tr>\n<\/tbody>\n<\/table>\n<p>\u00b9 Entspricht 87,9 % des NRV \u2013 N\u00e4hrstoffbezugswerts<br \/>\u00b2 Entspricht 17,5 % des NRV -\u2013 N\u00e4hrstoffbezugswerts<\/p>\n<p>Information f\u00fcr Diabetiker: 1 Doppelsachet enth\u00e4lt 12 g Kh. Das entspricht 1 BE.<\/p>\n<p>Anwendung von FORTE<\/p>\n<p>Zubereitet sollte das Getr\u00e4nk innerhalb von 24 Stunden getrunken werden.<\/p>\n<p>1 Doppelsachet an der Perforierung \u00f6ffnen und den Inhalt beider Teile in mindestens 1\/4 Liter Wasser aufl\u00f6sen\u00a0<\/p>\n","protected":false},"excerpt":{"rendered":"<p>Die Formel f\u00fcr mehr Lebensenergie. sorgt f\u00fcr Wohlbefinden in jeder Lebenslage. Sanopal mit der weltweit einzigartigen Wirkstoffkombination A5H kann Ihnen dabei helfen, zellul\u00e4ren Stress in Energie umzuwandeln. Die hochwertigen Inhaltsstoffe helfen dem K\u00f6rper wissenschaftlich erwiesen dabei, den Schutzschild vor den zerst\u00f6rerischen Auswirkungen von oxidativen Stress zu optimieren. Das unterst\u00fctzt das t\u00e4gliche Wohlbefinden, das Immunsystem und [&hellip;]<\/p>\n","protected":false},"featured_media":132173,"template":"","meta":{"_acf_changed":false},"product_brand":[],"product_cat":[791],"product_tag":[],"class_list":{"0":"post-132171","1":"product","2":"type-product","3":"status-publish","4":"has-post-thumbnail","6":"product_cat-s","7":"pa_packungsgroesse-6-stueck","9":"first","10":"instock","11":"shipping-taxable","12":"purchasable","13":"product-type-simple"},"acf":[],"_links":{"self":[{"href":"https:\/\/www.ernstbrunn-apotheke.at\/katalog\/wp-json\/wp\/v2\/product\/132171","targetHints":{"allow":["GET"]}}],"collection":[{"href":"https:\/\/www.ernstbrunn-apotheke.at\/katalog\/wp-json\/wp\/v2\/product"}],"about":[{"href":"https:\/\/www.ernstbrunn-apotheke.at\/katalog\/wp-json\/wp\/v2\/types\/product"}],"wp:featuredmedia":[{"embeddable":true,"href":"https:\/\/www.ernstbrunn-apotheke.at\/katalog\/wp-json\/wp\/v2\/media\/132173"}],"wp:attachment":[{"href":"https:\/\/www.ernstbrunn-apotheke.at\/katalog\/wp-json\/wp\/v2\/media?parent=132171"}],"wp:term":[{"taxonomy":"product_brand","embeddable":true,"href":"https:\/\/www.ernstbrunn-apotheke.at\/katalog\/wp-json\/wp\/v2\/product_brand?post=132171"},{"taxonomy":"product_cat","embeddable":true,"href":"https:\/\/www.ernstbrunn-apotheke.at\/katalog\/wp-json\/wp\/v2\/product_cat?post=132171"},{"taxonomy":"product_tag","embeddable":true,"href":"https:\/\/www.ernstbrunn-apotheke.at\/katalog\/wp-json\/wp\/v2\/product_tag?post=132171"}],"curies":[{"name":"wp","href":"https:\/\/api.w.org\/{rel}","templated":true}]}}