{"id":131893,"date":"2025-11-14T14:29:08","date_gmt":"2025-11-14T13:29:08","guid":{"rendered":"https:\/\/www.ernstbrunn-apotheke.at\/katalog\/produkt\/rosidal-k-k-zugbandage-steril-8-cm-x-5-m-10-stk\/"},"modified":"2025-12-09T10:15:26","modified_gmt":"2025-12-09T09:15:26","slug":"rosidal-k-k-zugbandage-steril-8-cm-x-5-m-10-stk","status":"publish","type":"product","link":"https:\/\/www.ernstbrunn-apotheke.at\/katalog\/produkt\/rosidal-k-k-zugbandage-steril-8-cm-x-5-m-10-stk\/","title":{"rendered":"Rosidal K K-Zugbandage steril 8 cm x 5 m 10 Stk."},"content":{"rendered":"<p>Rosidal ist eine Marke der Firma Lohmann &#038; Rauscher. L&#038;R geh\u00f6rt mit seinen erstklassigen Produkten und Systemen zu den erfolgreichsten Anbietern am Markt. Vom einfachen Verbandstoff bis zu modernen Therapie- und Pflegesystemen reicht unser Angebot, abgerundet durch wirtschaftliche Systeml\u00f6sungen, die flexibel auf die t\u00e4glichen Anforderungen abgestimmt werden k\u00f6nnen.<\/p>\n","protected":false},"excerpt":{"rendered":"<p>Rosidal ist eine Marke der Firma Lohmann &#038; Rauscher. L&#038;R geh\u00f6rt mit seinen erstklassigen Produkten und Systemen zu den erfolgreichsten Anbietern am Markt. Vom einfachen Verbandstoff bis zu modernen Therapie- und Pflegesystemen reicht unser Angebot, abgerundet durch wirtschaftliche Systeml\u00f6sungen, die flexibel auf die t\u00e4glichen Anforderungen abgestimmt werden k\u00f6nnen.<\/p>\n","protected":false},"featured_media":0,"template":"","meta":{"_acf_changed":false},"product_brand":[],"product_cat":[808],"product_tag":[],"class_list":{"0":"post-131893","1":"product","2":"type-product","3":"status-publish","5":"product_cat-r","6":"pa_packungsgroesse-10-stueck","8":"first","9":"instock","10":"shipping-taxable","11":"purchasable","12":"product-type-simple"},"acf":[],"_links":{"self":[{"href":"https:\/\/www.ernstbrunn-apotheke.at\/katalog\/wp-json\/wp\/v2\/product\/131893","targetHints":{"allow":["GET"]}}],"collection":[{"href":"https:\/\/www.ernstbrunn-apotheke.at\/katalog\/wp-json\/wp\/v2\/product"}],"about":[{"href":"https:\/\/www.ernstbrunn-apotheke.at\/katalog\/wp-json\/wp\/v2\/types\/product"}],"wp:attachment":[{"href":"https:\/\/www.ernstbrunn-apotheke.at\/katalog\/wp-json\/wp\/v2\/media?parent=131893"}],"wp:term":[{"taxonomy":"product_brand","embeddable":true,"href":"https:\/\/www.ernstbrunn-apotheke.at\/katalog\/wp-json\/wp\/v2\/product_brand?post=131893"},{"taxonomy":"product_cat","embeddable":true,"href":"https:\/\/www.ernstbrunn-apotheke.at\/katalog\/wp-json\/wp\/v2\/product_cat?post=131893"},{"taxonomy":"product_tag","embeddable":true,"href":"https:\/\/www.ernstbrunn-apotheke.at\/katalog\/wp-json\/wp\/v2\/product_tag?post=131893"}],"curies":[{"name":"wp","href":"https:\/\/api.w.org\/{rel}","templated":true}]}}