{"id":13182,"date":"2025-11-07T15:02:58","date_gmt":"2025-11-07T14:02:58","guid":{"rendered":"https:\/\/www.ernstbrunn-apotheke.at\/katalog\/produkt\/caesaro-hagebutten-bio-pulver\/"},"modified":"2025-12-08T13:34:50","modified_gmt":"2025-12-08T12:34:50","slug":"caesaro-hagebutten-bio-pulver","status":"publish","type":"product","link":"https:\/\/www.ernstbrunn-apotheke.at\/katalog\/produkt\/caesaro-hagebutten-bio-pulver\/","title":{"rendered":"Caesaro Hagebutten Bio Pulver"},"content":{"rendered":"<p>Caesaro Hagebuttenpulver wird aus den Fr\u00fcchten einer speziellen Hundsrose (Rosa canina L.) gewonnen. Diese Sorte (AP-4) stammt aus den Hochlagen der chilenischen Anden. Sie wird unter besten klimatischen Voraussetzungen auf den fruchtbaren Vulkanb\u00f6den der Plantage Santa Magdalena in S\u00fcdchile kontrolliert biologisch angebaut. Die Fr\u00fcchte der Sorte AP-4 zeichnen sich durch ihren hohen Gehalt an wertvollen Aktivstoffen und Antioxidantien wie Vitamin C und Beta-Carotin aus. Die Fr\u00fcchte werden an ihrem optimalen Reifepunkt mit der Hand geerntet. Nach der Ernte erfolgt ein sehr schonendes Trocknungsverfahren, um die hitzeempfindlichen Aktivstoffe der Hagebutte zu bewahren. Anschlie\u00dfend werden die Fruchtschalen und die Kerne von den reizenden Haaren befreit und zu Pulver vermahlen.<\/p>\n","protected":false},"excerpt":{"rendered":"<p>Caesaro Hagebuttenpulver wird aus den Fr\u00fcchten einer speziellen Hundsrose (Rosa canina L.) gewonnen. Diese Sorte (AP-4) stammt aus den Hochlagen der chilenischen Anden. Sie wird unter besten klimatischen Voraussetzungen auf den fruchtbaren Vulkanb\u00f6den der Plantage Santa Magdalena in S\u00fcdchile kontrolliert biologisch angebaut. Die Fr\u00fcchte der Sorte AP-4 zeichnen sich durch ihren hohen Gehalt an wertvollen [&hellip;]<\/p>\n","protected":false},"featured_media":13184,"template":"","meta":{"_acf_changed":false},"product_brand":[504],"product_cat":[812],"product_tag":[],"class_list":{"0":"post-13182","1":"product","2":"type-product","3":"status-publish","4":"has-post-thumbnail","6":"product_brand-caesaro","7":"product_cat-c","8":"pa_packungsgroesse-225g","9":"pa_packungsgroesse-400g","11":"first","12":"instock","13":"shipping-taxable","14":"purchasable","15":"product-type-simple"},"acf":[],"_links":{"self":[{"href":"https:\/\/www.ernstbrunn-apotheke.at\/katalog\/wp-json\/wp\/v2\/product\/13182","targetHints":{"allow":["GET"]}}],"collection":[{"href":"https:\/\/www.ernstbrunn-apotheke.at\/katalog\/wp-json\/wp\/v2\/product"}],"about":[{"href":"https:\/\/www.ernstbrunn-apotheke.at\/katalog\/wp-json\/wp\/v2\/types\/product"}],"wp:featuredmedia":[{"embeddable":true,"href":"https:\/\/www.ernstbrunn-apotheke.at\/katalog\/wp-json\/wp\/v2\/media\/13184"}],"wp:attachment":[{"href":"https:\/\/www.ernstbrunn-apotheke.at\/katalog\/wp-json\/wp\/v2\/media?parent=13182"}],"wp:term":[{"taxonomy":"product_brand","embeddable":true,"href":"https:\/\/www.ernstbrunn-apotheke.at\/katalog\/wp-json\/wp\/v2\/product_brand?post=13182"},{"taxonomy":"product_cat","embeddable":true,"href":"https:\/\/www.ernstbrunn-apotheke.at\/katalog\/wp-json\/wp\/v2\/product_cat?post=13182"},{"taxonomy":"product_tag","embeddable":true,"href":"https:\/\/www.ernstbrunn-apotheke.at\/katalog\/wp-json\/wp\/v2\/product_tag?post=13182"}],"curies":[{"name":"wp","href":"https:\/\/api.w.org\/{rel}","templated":true}]}}