{"id":13179,"date":"2025-11-07T15:02:58","date_gmt":"2025-11-07T14:02:58","guid":{"rendered":"https:\/\/www.ernstbrunn-apotheke.at\/katalog\/produkt\/retterspitz-innerlich-1-l\/"},"modified":"2025-12-08T13:34:50","modified_gmt":"2025-12-08T12:34:50","slug":"retterspitz-innerlich-1-l","status":"publish","type":"product","link":"https:\/\/www.ernstbrunn-apotheke.at\/katalog\/produkt\/retterspitz-innerlich-1-l\/","title":{"rendered":"Retterspitz Innerlich 1 L"},"content":{"rendered":"<p>Retterspitz Innerlich: Zuverl\u00e4ssig, vertr\u00e4glich, nat\u00fcrlich: Wenn es um Gesundheit geht, stehen diese drei Schlagw\u00f6rter immer ganz oben auf der Wunschliste derjenigen, die ihre Beschwerden gern selbst in die Hand nehmen. Umso besser, wenn ein Mittel gleich in vielen F\u00e4llen helfen kann, so wie der Klassiker von Retterspitz. Das bew\u00e4hrte Magenmittel Retterspitz Innerlich ist schnell einsatzbereit und lindert die Probleme im akuten Fall wie nach einem deftigen Essen, aber auch dauerhaft, wenn Sodbrennen oder Magenschmerzen h\u00e4ufiger auftreten.<\/p>\n","protected":false},"excerpt":{"rendered":"<p>Retterspitz Innerlich: Zuverl\u00e4ssig, vertr\u00e4glich, nat\u00fcrlich: Wenn es um Gesundheit geht, stehen diese drei Schlagw\u00f6rter immer ganz oben auf der Wunschliste derjenigen, die ihre Beschwerden gern selbst in die Hand nehmen. Umso besser, wenn ein Mittel gleich in vielen F\u00e4llen helfen kann, so wie der Klassiker von Retterspitz. Das bew\u00e4hrte Magenmittel Retterspitz Innerlich ist schnell einsatzbereit [&hellip;]<\/p>\n","protected":false},"featured_media":13181,"template":"","meta":{"_acf_changed":false},"product_brand":[],"product_cat":[808],"product_tag":[],"class_list":{"0":"post-13179","1":"product","2":"type-product","3":"status-publish","4":"has-post-thumbnail","6":"product_cat-r","7":"pa_packungsgroesse-1l","9":"first","10":"instock","11":"shipping-taxable","12":"purchasable","13":"product-type-simple"},"acf":[],"_links":{"self":[{"href":"https:\/\/www.ernstbrunn-apotheke.at\/katalog\/wp-json\/wp\/v2\/product\/13179","targetHints":{"allow":["GET"]}}],"collection":[{"href":"https:\/\/www.ernstbrunn-apotheke.at\/katalog\/wp-json\/wp\/v2\/product"}],"about":[{"href":"https:\/\/www.ernstbrunn-apotheke.at\/katalog\/wp-json\/wp\/v2\/types\/product"}],"wp:featuredmedia":[{"embeddable":true,"href":"https:\/\/www.ernstbrunn-apotheke.at\/katalog\/wp-json\/wp\/v2\/media\/13181"}],"wp:attachment":[{"href":"https:\/\/www.ernstbrunn-apotheke.at\/katalog\/wp-json\/wp\/v2\/media?parent=13179"}],"wp:term":[{"taxonomy":"product_brand","embeddable":true,"href":"https:\/\/www.ernstbrunn-apotheke.at\/katalog\/wp-json\/wp\/v2\/product_brand?post=13179"},{"taxonomy":"product_cat","embeddable":true,"href":"https:\/\/www.ernstbrunn-apotheke.at\/katalog\/wp-json\/wp\/v2\/product_cat?post=13179"},{"taxonomy":"product_tag","embeddable":true,"href":"https:\/\/www.ernstbrunn-apotheke.at\/katalog\/wp-json\/wp\/v2\/product_tag?post=13179"}],"curies":[{"name":"wp","href":"https:\/\/api.w.org\/{rel}","templated":true}]}}