{"id":131656,"date":"2025-11-14T14:25:37","date_gmt":"2025-11-14T13:25:37","guid":{"rendered":"https:\/\/www.ernstbrunn-apotheke.at\/katalog\/produkt\/ren-atlantic-kelp-microalgae-anti-fatigue-toning-body-oil-200-ml\/"},"modified":"2025-12-09T10:14:46","modified_gmt":"2025-12-09T09:14:46","slug":"ren-atlantic-kelp-microalgae-anti-fatigue-toning-body-oil-200-ml","status":"publish","type":"product","link":"https:\/\/www.ernstbrunn-apotheke.at\/katalog\/produkt\/ren-atlantic-kelp-microalgae-anti-fatigue-toning-body-oil-200-ml\/","title":{"rendered":"Ren Atlantic Kelp Microalgae Anti-Fatigue Toning Body Oil 200 ml"},"content":{"rendered":"<p>Ein reichhaltiges, feuchtigkeitsspendendes K\u00f6rper\u00f6l, das mit Magnesiumreichem Seetang-Extrakt und pflegendem Omega 6 &#038; 9-Mikroalgen\u00f6l formuliert ist, f\u00fcllt die Haut intensiv auf und bindet Feuchtigkeit, um die Weichheit und Festigkeit wiederherzustellen. Weiter angereichert mit Rotalgenextrakt, der Phytosterole enth\u00e4lt, um die Haut straffer und glatter zu machen, w\u00e4hrend das Massieren mit \u00d6l die Muskeln entspannt.<\/p>\n","protected":false},"excerpt":{"rendered":"<p>Ein reichhaltiges, feuchtigkeitsspendendes K\u00f6rper\u00f6l, das mit Magnesiumreichem Seetang-Extrakt und pflegendem Omega 6 &#038; 9-Mikroalgen\u00f6l formuliert ist, f\u00fcllt die Haut intensiv auf und bindet Feuchtigkeit, um die Weichheit und Festigkeit wiederherzustellen. Weiter angereichert mit Rotalgenextrakt, der Phytosterole enth\u00e4lt, um die Haut straffer und glatter zu machen, w\u00e4hrend das Massieren mit \u00d6l die Muskeln entspannt.<\/p>\n","protected":false},"featured_media":0,"template":"","meta":{"_acf_changed":false},"product_brand":[1491],"product_cat":[808],"product_tag":[],"class_list":{"0":"post-131656","1":"product","2":"type-product","3":"status-publish","5":"product_brand-ren","6":"product_cat-r","7":"pa_packungsgroesse-100ml","9":"first","10":"instock","11":"shipping-taxable","12":"purchasable","13":"product-type-simple"},"acf":[],"_links":{"self":[{"href":"https:\/\/www.ernstbrunn-apotheke.at\/katalog\/wp-json\/wp\/v2\/product\/131656","targetHints":{"allow":["GET"]}}],"collection":[{"href":"https:\/\/www.ernstbrunn-apotheke.at\/katalog\/wp-json\/wp\/v2\/product"}],"about":[{"href":"https:\/\/www.ernstbrunn-apotheke.at\/katalog\/wp-json\/wp\/v2\/types\/product"}],"wp:attachment":[{"href":"https:\/\/www.ernstbrunn-apotheke.at\/katalog\/wp-json\/wp\/v2\/media?parent=131656"}],"wp:term":[{"taxonomy":"product_brand","embeddable":true,"href":"https:\/\/www.ernstbrunn-apotheke.at\/katalog\/wp-json\/wp\/v2\/product_brand?post=131656"},{"taxonomy":"product_cat","embeddable":true,"href":"https:\/\/www.ernstbrunn-apotheke.at\/katalog\/wp-json\/wp\/v2\/product_cat?post=131656"},{"taxonomy":"product_tag","embeddable":true,"href":"https:\/\/www.ernstbrunn-apotheke.at\/katalog\/wp-json\/wp\/v2\/product_tag?post=131656"}],"curies":[{"name":"wp","href":"https:\/\/api.w.org\/{rel}","templated":true}]}}