{"id":131654,"date":"2025-11-14T14:25:37","date_gmt":"2025-11-14T13:25:37","guid":{"rendered":"https:\/\/www.ernstbrunn-apotheke.at\/katalog\/produkt\/ren-atlantic-kelp-magnesium-energising-hand-wash-300-ml\/"},"modified":"2025-12-09T10:14:46","modified_gmt":"2025-12-09T09:14:46","slug":"ren-atlantic-kelp-magnesium-energising-hand-wash-300-ml","status":"publish","type":"product","link":"https:\/\/www.ernstbrunn-apotheke.at\/katalog\/produkt\/ren-atlantic-kelp-magnesium-energising-hand-wash-300-ml\/","title":{"rendered":"Ren Atlantic Kelp Magnesium Energising Hand Wash 300 ml"},"content":{"rendered":"<p>Eine sanfte, sulfatfreie t\u00e4gliche Handw\u00e4sche zur Reinigung, Befeuchtung und Wiederbelebung m\u00fcder H\u00e4nde. Unser atlantischer Seetang-Extrakt und Magnesium helfen dabei, die Haut mit essentiellen Mineralien aufzuf\u00fcllen und Schmutz zu entfernen, ohne die Haut auszutrocknen. Mit unserer exklusiven Mischung aus \u00e4therischen \u00d6len gegen M\u00fcdigkeit, die die Sinne anregen, Ihre H\u00e4nde erfrischen und leicht duften lassen.<\/p>\n","protected":false},"excerpt":{"rendered":"<p>Eine sanfte, sulfatfreie t\u00e4gliche Handw\u00e4sche zur Reinigung, Befeuchtung und Wiederbelebung m\u00fcder H\u00e4nde. Unser atlantischer Seetang-Extrakt und Magnesium helfen dabei, die Haut mit essentiellen Mineralien aufzuf\u00fcllen und Schmutz zu entfernen, ohne die Haut auszutrocknen. Mit unserer exklusiven Mischung aus \u00e4therischen \u00d6len gegen M\u00fcdigkeit, die die Sinne anregen, Ihre H\u00e4nde erfrischen und leicht duften lassen.<\/p>\n","protected":false},"featured_media":0,"template":"","meta":{"_acf_changed":false},"product_brand":[1491],"product_cat":[808],"product_tag":[],"class_list":{"0":"post-131654","1":"product","2":"type-product","3":"status-publish","5":"product_brand-ren","6":"product_cat-r","7":"pa_packungsgroesse-300ml","9":"first","10":"instock","11":"shipping-taxable","12":"purchasable","13":"product-type-simple"},"acf":[],"_links":{"self":[{"href":"https:\/\/www.ernstbrunn-apotheke.at\/katalog\/wp-json\/wp\/v2\/product\/131654","targetHints":{"allow":["GET"]}}],"collection":[{"href":"https:\/\/www.ernstbrunn-apotheke.at\/katalog\/wp-json\/wp\/v2\/product"}],"about":[{"href":"https:\/\/www.ernstbrunn-apotheke.at\/katalog\/wp-json\/wp\/v2\/types\/product"}],"wp:attachment":[{"href":"https:\/\/www.ernstbrunn-apotheke.at\/katalog\/wp-json\/wp\/v2\/media?parent=131654"}],"wp:term":[{"taxonomy":"product_brand","embeddable":true,"href":"https:\/\/www.ernstbrunn-apotheke.at\/katalog\/wp-json\/wp\/v2\/product_brand?post=131654"},{"taxonomy":"product_cat","embeddable":true,"href":"https:\/\/www.ernstbrunn-apotheke.at\/katalog\/wp-json\/wp\/v2\/product_cat?post=131654"},{"taxonomy":"product_tag","embeddable":true,"href":"https:\/\/www.ernstbrunn-apotheke.at\/katalog\/wp-json\/wp\/v2\/product_tag?post=131654"}],"curies":[{"name":"wp","href":"https:\/\/api.w.org\/{rel}","templated":true}]}}