{"id":131650,"date":"2025-11-14T14:25:37","date_gmt":"2025-11-14T13:25:37","guid":{"rendered":"https:\/\/www.ernstbrunn-apotheke.at\/katalog\/produkt\/ren-atlantic-kelp-microalgae-anti-fatigue-bath-oil-110-mml\/"},"modified":"2025-12-09T10:14:45","modified_gmt":"2025-12-09T09:14:45","slug":"ren-atlantic-kelp-microalgae-anti-fatigue-bath-oil-110-mml","status":"publish","type":"product","link":"https:\/\/www.ernstbrunn-apotheke.at\/katalog\/produkt\/ren-atlantic-kelp-microalgae-anti-fatigue-bath-oil-110-mml\/","title":{"rendered":"Ren Atlantic Kelp Microalgae Anti-Fatigue Bath Oil 110 mml"},"content":{"rendered":"<p>Ein luxuri\u00f6ses und reichhaltiges Bade\u00f6l mit auff\u00fcllenden und pflegenden Extrakten aus atlantischem Seetang und Plankton sowie Mikroalgen\u00f6l mit Omega 6 und 9, um Ihre Haut mit Feuchtigkeit zu versorgen und geschmeidig zu machen. Mit unserer exklusiven Mischung aus \u00e4therischen \u00d6len gegen Erm\u00fcdung, die Ihren K\u00f6rper und Geist erfrischt und entspannt. Aufgrund der nat\u00fcrlichen Inhaltsstoffe kann am Boden Ihrer Flasche etwas wei\u00dfes Sediment auftreten. Vor Gebrauch gut sch\u00fctteln. Wenn es hartn\u00e4ckig ist, tauchen Sie es in warmes (nicht kochendes) Wasser und sch\u00fctteln Sie es erneut.<\/p>\n","protected":false},"excerpt":{"rendered":"<p>Ein luxuri\u00f6ses und reichhaltiges Bade\u00f6l mit auff\u00fcllenden und pflegenden Extrakten aus atlantischem Seetang und Plankton sowie Mikroalgen\u00f6l mit Omega 6 und 9, um Ihre Haut mit Feuchtigkeit zu versorgen und geschmeidig zu machen. Mit unserer exklusiven Mischung aus \u00e4therischen \u00d6len gegen Erm\u00fcdung, die Ihren K\u00f6rper und Geist erfrischt und entspannt. Aufgrund der nat\u00fcrlichen Inhaltsstoffe kann [&hellip;]<\/p>\n","protected":false},"featured_media":0,"template":"","meta":{"_acf_changed":false},"product_brand":[1491],"product_cat":[808],"product_tag":[],"class_list":{"0":"post-131650","1":"product","2":"type-product","3":"status-publish","5":"product_brand-ren","6":"product_cat-r","7":"pa_packungsgroesse-110ml","9":"first","10":"instock","11":"shipping-taxable","12":"purchasable","13":"product-type-simple"},"acf":[],"_links":{"self":[{"href":"https:\/\/www.ernstbrunn-apotheke.at\/katalog\/wp-json\/wp\/v2\/product\/131650","targetHints":{"allow":["GET"]}}],"collection":[{"href":"https:\/\/www.ernstbrunn-apotheke.at\/katalog\/wp-json\/wp\/v2\/product"}],"about":[{"href":"https:\/\/www.ernstbrunn-apotheke.at\/katalog\/wp-json\/wp\/v2\/types\/product"}],"wp:attachment":[{"href":"https:\/\/www.ernstbrunn-apotheke.at\/katalog\/wp-json\/wp\/v2\/media?parent=131650"}],"wp:term":[{"taxonomy":"product_brand","embeddable":true,"href":"https:\/\/www.ernstbrunn-apotheke.at\/katalog\/wp-json\/wp\/v2\/product_brand?post=131650"},{"taxonomy":"product_cat","embeddable":true,"href":"https:\/\/www.ernstbrunn-apotheke.at\/katalog\/wp-json\/wp\/v2\/product_cat?post=131650"},{"taxonomy":"product_tag","embeddable":true,"href":"https:\/\/www.ernstbrunn-apotheke.at\/katalog\/wp-json\/wp\/v2\/product_tag?post=131650"}],"curies":[{"name":"wp","href":"https:\/\/api.w.org\/{rel}","templated":true}]}}