{"id":13164,"date":"2025-11-07T15:02:58","date_gmt":"2025-11-07T14:02:58","guid":{"rendered":"https:\/\/www.ernstbrunn-apotheke.at\/katalog\/produkt\/innovazym-mikronaehrstofftabletten-98-stk\/"},"modified":"2025-12-08T13:34:49","modified_gmt":"2025-12-08T12:34:49","slug":"innovazym-mikronaehrstofftabletten-98-stk","status":"publish","type":"product","link":"https:\/\/www.ernstbrunn-apotheke.at\/katalog\/produkt\/innovazym-mikronaehrstofftabletten-98-stk\/","title":{"rendered":"innovazym Mikron\u00e4hrstofftabletten 98 Stk."},"content":{"rendered":"<p>innovazym\u00ae Mikron\u00e4hrstofftabletten enthalten wertvolle Vitamine und Spurenelemente sowie Coenzym Q10 und dienen zur Unterst\u00fctzung des Immunsystems z.B. bei R\u00fcckenschmerzen, grippalen Infekten, intensiver sportlicher Bet\u00e4tigung und Sportverletzungen, starken beruflichen Belastungen sowie Venenentz\u00fcndungen.<\/p>\n","protected":false},"excerpt":{"rendered":"<p>innovazym\u00ae Mikron\u00e4hrstofftabletten enthalten wertvolle Vitamine und Spurenelemente sowie Coenzym Q10 und dienen zur Unterst\u00fctzung des Immunsystems z.B. bei R\u00fcckenschmerzen, grippalen Infekten, intensiver sportlicher Bet\u00e4tigung und Sportverletzungen, starken beruflichen Belastungen sowie Venenentz\u00fcndungen.<\/p>\n","protected":false},"featured_media":13166,"template":"","meta":{"_acf_changed":false},"product_brand":[501],"product_cat":[823],"product_tag":[],"class_list":{"0":"post-13164","1":"product","2":"type-product","3":"status-publish","4":"has-post-thumbnail","6":"product_brand-innovazym","7":"product_cat-i","8":"pa_packungsgroesse-500","10":"first","11":"instock","12":"shipping-taxable","13":"purchasable","14":"product-type-simple"},"acf":[],"_links":{"self":[{"href":"https:\/\/www.ernstbrunn-apotheke.at\/katalog\/wp-json\/wp\/v2\/product\/13164","targetHints":{"allow":["GET"]}}],"collection":[{"href":"https:\/\/www.ernstbrunn-apotheke.at\/katalog\/wp-json\/wp\/v2\/product"}],"about":[{"href":"https:\/\/www.ernstbrunn-apotheke.at\/katalog\/wp-json\/wp\/v2\/types\/product"}],"wp:featuredmedia":[{"embeddable":true,"href":"https:\/\/www.ernstbrunn-apotheke.at\/katalog\/wp-json\/wp\/v2\/media\/13166"}],"wp:attachment":[{"href":"https:\/\/www.ernstbrunn-apotheke.at\/katalog\/wp-json\/wp\/v2\/media?parent=13164"}],"wp:term":[{"taxonomy":"product_brand","embeddable":true,"href":"https:\/\/www.ernstbrunn-apotheke.at\/katalog\/wp-json\/wp\/v2\/product_brand?post=13164"},{"taxonomy":"product_cat","embeddable":true,"href":"https:\/\/www.ernstbrunn-apotheke.at\/katalog\/wp-json\/wp\/v2\/product_cat?post=13164"},{"taxonomy":"product_tag","embeddable":true,"href":"https:\/\/www.ernstbrunn-apotheke.at\/katalog\/wp-json\/wp\/v2\/product_tag?post=13164"}],"curies":[{"name":"wp","href":"https:\/\/api.w.org\/{rel}","templated":true}]}}