{"id":131618,"date":"2025-11-14T14:25:13","date_gmt":"2025-11-14T13:25:13","guid":{"rendered":"https:\/\/www.ernstbrunn-apotheke.at\/katalog\/produkt\/dr-owl-regeneraid-med-sachet-35-g-5-stk\/"},"modified":"2025-12-09T10:14:35","modified_gmt":"2025-12-09T09:14:35","slug":"dr-owl-regeneraid-med-sachet-35-g-5-stk","status":"publish","type":"product","link":"https:\/\/www.ernstbrunn-apotheke.at\/katalog\/produkt\/dr-owl-regeneraid-med-sachet-35-g-5-stk\/","title":{"rendered":"Dr. Owl Regeneraid MED+ Sachet 35 g 5 Stk."},"content":{"rendered":"<p>Unterst\u00fctzen Sie Ihre Konzentration und Leistungsf\u00e4higkeit mit dem Dr. Owl Regeneraid. Der Zusatz von Guarana f\u00f6rdert die Konzentration, Vitamin B-Komplex sorgt f\u00fcr die Aktivierung der Muskelfunktion und des Energiestoffwechsels und zum Schutz der K\u00f6rperzellen vor freien Radikalen und oxidativem Stress werden Antioxidantien eingesetzt. Dar\u00fcber hinaus besteht die Formel aus Mineralstoffen, Elektrolyten, Cholin und L-Cystein.f\u00f6rdert die Leistungsf\u00e4higkeitohne Zuckerenth\u00e4lt\u00a0Cholin\u00a0und\u00a0Chlorophyllunterst\u00fctzt die Leberfunktion.<\/p>\n","protected":false},"excerpt":{"rendered":"<p>Unterst\u00fctzen Sie Ihre Konzentration und Leistungsf\u00e4higkeit mit dem Dr. Owl Regeneraid. Der Zusatz von Guarana f\u00f6rdert die Konzentration, Vitamin B-Komplex sorgt f\u00fcr die Aktivierung der Muskelfunktion und des Energiestoffwechsels und zum Schutz der K\u00f6rperzellen vor freien Radikalen und oxidativem Stress werden Antioxidantien eingesetzt. Dar\u00fcber hinaus besteht die Formel aus Mineralstoffen, Elektrolyten, Cholin und L-Cystein.f\u00f6rdert die [&hellip;]<\/p>\n","protected":false},"featured_media":0,"template":"","meta":{"_acf_changed":false},"product_brand":[],"product_cat":[792],"product_tag":[],"class_list":{"0":"post-131618","1":"product","2":"type-product","3":"status-publish","5":"product_cat-d","6":"pa_packungsgroesse-5-beutel","8":"first","9":"instock","10":"shipping-taxable","11":"purchasable","12":"product-type-simple"},"acf":[],"_links":{"self":[{"href":"https:\/\/www.ernstbrunn-apotheke.at\/katalog\/wp-json\/wp\/v2\/product\/131618","targetHints":{"allow":["GET"]}}],"collection":[{"href":"https:\/\/www.ernstbrunn-apotheke.at\/katalog\/wp-json\/wp\/v2\/product"}],"about":[{"href":"https:\/\/www.ernstbrunn-apotheke.at\/katalog\/wp-json\/wp\/v2\/types\/product"}],"wp:attachment":[{"href":"https:\/\/www.ernstbrunn-apotheke.at\/katalog\/wp-json\/wp\/v2\/media?parent=131618"}],"wp:term":[{"taxonomy":"product_brand","embeddable":true,"href":"https:\/\/www.ernstbrunn-apotheke.at\/katalog\/wp-json\/wp\/v2\/product_brand?post=131618"},{"taxonomy":"product_cat","embeddable":true,"href":"https:\/\/www.ernstbrunn-apotheke.at\/katalog\/wp-json\/wp\/v2\/product_cat?post=131618"},{"taxonomy":"product_tag","embeddable":true,"href":"https:\/\/www.ernstbrunn-apotheke.at\/katalog\/wp-json\/wp\/v2\/product_tag?post=131618"}],"curies":[{"name":"wp","href":"https:\/\/api.w.org\/{rel}","templated":true}]}}