{"id":131586,"date":"2025-11-14T14:24:50","date_gmt":"2025-11-14T13:24:50","guid":{"rendered":"https:\/\/www.ernstbrunn-apotheke.at\/katalog\/produkt\/recozit-wespenspray-500-ml\/"},"modified":"2025-12-09T10:14:28","modified_gmt":"2025-12-09T09:14:28","slug":"recozit-wespenspray-500-ml","status":"publish","type":"product","link":"https:\/\/www.ernstbrunn-apotheke.at\/katalog\/produkt\/recozit-wespenspray-500-ml\/","title":{"rendered":"Recozit Wespenspray 500 ml"},"content":{"rendered":"<p>Recozit &#8211; Setzen Sie auf die Qualit\u00e4t, f\u00fcr die Sie sich jeden Tag entscheiden k\u00f6nnen: Recozit ist die bew\u00e4hrte Marke f\u00fcr eine ebenso wirkungsvolle wie gezielte Insektenbek\u00e4mpfung. Sie zeichnet sich durch das umfassende Produktangebot sowie hoher Qualit\u00e4t aus \u2013 alle Produkte von Recozit mit hohem Rabatt online bestellen!<\/p>\n","protected":false},"excerpt":{"rendered":"<p>Recozit &#8211; Setzen Sie auf die Qualit\u00e4t, f\u00fcr die Sie sich jeden Tag entscheiden k\u00f6nnen: Recozit ist die bew\u00e4hrte Marke f\u00fcr eine ebenso wirkungsvolle wie gezielte Insektenbek\u00e4mpfung. Sie zeichnet sich durch das umfassende Produktangebot sowie hoher Qualit\u00e4t aus \u2013 alle Produkte von Recozit mit hohem Rabatt online bestellen!<\/p>\n","protected":false},"featured_media":0,"template":"","meta":{"_acf_changed":false},"product_brand":[],"product_cat":[808],"product_tag":[],"class_list":{"0":"post-131586","1":"product","2":"type-product","3":"status-publish","5":"product_cat-r","6":"pa_packungsgroesse-500ml","8":"first","9":"instock","10":"shipping-taxable","11":"purchasable","12":"product-type-simple"},"acf":[],"_links":{"self":[{"href":"https:\/\/www.ernstbrunn-apotheke.at\/katalog\/wp-json\/wp\/v2\/product\/131586","targetHints":{"allow":["GET"]}}],"collection":[{"href":"https:\/\/www.ernstbrunn-apotheke.at\/katalog\/wp-json\/wp\/v2\/product"}],"about":[{"href":"https:\/\/www.ernstbrunn-apotheke.at\/katalog\/wp-json\/wp\/v2\/types\/product"}],"wp:attachment":[{"href":"https:\/\/www.ernstbrunn-apotheke.at\/katalog\/wp-json\/wp\/v2\/media?parent=131586"}],"wp:term":[{"taxonomy":"product_brand","embeddable":true,"href":"https:\/\/www.ernstbrunn-apotheke.at\/katalog\/wp-json\/wp\/v2\/product_brand?post=131586"},{"taxonomy":"product_cat","embeddable":true,"href":"https:\/\/www.ernstbrunn-apotheke.at\/katalog\/wp-json\/wp\/v2\/product_cat?post=131586"},{"taxonomy":"product_tag","embeddable":true,"href":"https:\/\/www.ernstbrunn-apotheke.at\/katalog\/wp-json\/wp\/v2\/product_tag?post=131586"}],"curies":[{"name":"wp","href":"https:\/\/api.w.org\/{rel}","templated":true}]}}