{"id":13154,"date":"2025-11-07T15:01:58","date_gmt":"2025-11-07T14:01:58","guid":{"rendered":"https:\/\/www.ernstbrunn-apotheke.at\/katalog\/produkt\/the-nutri-store-l-glutamin-100-rein-pulver-250-g\/"},"modified":"2025-12-08T13:34:47","modified_gmt":"2025-12-08T12:34:47","slug":"the-nutri-store-l-glutamin-100-rein-pulver-250-g","status":"publish","type":"product","link":"https:\/\/www.ernstbrunn-apotheke.at\/katalog\/produkt\/the-nutri-store-l-glutamin-100-rein-pulver-250-g\/","title":{"rendered":"The Nutri Store L-Glutamin 100% rein Pulver 250 g"},"content":{"rendered":"<p>The Nutri Store L-Glutamin 100% rein Pulver ist geschmacksneutral und f\u00fcr optimale L\u00f6slichkeit und Aufnahme feinstvermahlen. Es kann nach dem Training einfach in Wasser, Fruchtsaft oder in ein Elektrolytgetr\u00e4nk einger\u00fchrt und getrunken werden. L-Glutamin Pulver enth\u00e4lt keine Rohstoffe tierischen Ursprungs.<\/p>\n","protected":false},"excerpt":{"rendered":"<p>The Nutri Store L-Glutamin 100% rein Pulver ist geschmacksneutral und f\u00fcr optimale L\u00f6slichkeit und Aufnahme feinstvermahlen. Es kann nach dem Training einfach in Wasser, Fruchtsaft oder in ein Elektrolytgetr\u00e4nk einger\u00fchrt und getrunken werden. L-Glutamin Pulver enth\u00e4lt keine Rohstoffe tierischen Ursprungs.<\/p>\n","protected":false},"featured_media":13156,"template":"","meta":{"_acf_changed":false},"product_brand":[],"product_cat":[798],"product_tag":[],"class_list":{"0":"post-13154","1":"product","2":"type-product","3":"status-publish","4":"has-post-thumbnail","6":"product_cat-t","7":"pa_packungsgroesse-250g","9":"first","10":"instock","11":"shipping-taxable","12":"purchasable","13":"product-type-simple"},"acf":[],"_links":{"self":[{"href":"https:\/\/www.ernstbrunn-apotheke.at\/katalog\/wp-json\/wp\/v2\/product\/13154","targetHints":{"allow":["GET"]}}],"collection":[{"href":"https:\/\/www.ernstbrunn-apotheke.at\/katalog\/wp-json\/wp\/v2\/product"}],"about":[{"href":"https:\/\/www.ernstbrunn-apotheke.at\/katalog\/wp-json\/wp\/v2\/types\/product"}],"wp:featuredmedia":[{"embeddable":true,"href":"https:\/\/www.ernstbrunn-apotheke.at\/katalog\/wp-json\/wp\/v2\/media\/13156"}],"wp:attachment":[{"href":"https:\/\/www.ernstbrunn-apotheke.at\/katalog\/wp-json\/wp\/v2\/media?parent=13154"}],"wp:term":[{"taxonomy":"product_brand","embeddable":true,"href":"https:\/\/www.ernstbrunn-apotheke.at\/katalog\/wp-json\/wp\/v2\/product_brand?post=13154"},{"taxonomy":"product_cat","embeddable":true,"href":"https:\/\/www.ernstbrunn-apotheke.at\/katalog\/wp-json\/wp\/v2\/product_cat?post=13154"},{"taxonomy":"product_tag","embeddable":true,"href":"https:\/\/www.ernstbrunn-apotheke.at\/katalog\/wp-json\/wp\/v2\/product_tag?post=13154"}],"curies":[{"name":"wp","href":"https:\/\/api.w.org\/{rel}","templated":true}]}}