{"id":131526,"date":"2025-11-14T14:23:39","date_gmt":"2025-11-14T13:23:39","guid":{"rendered":"https:\/\/www.ernstbrunn-apotheke.at\/katalog\/produkt\/pflueger-dr-schuessler-nr-11-silicea-250-g\/"},"modified":"2025-12-09T10:14:18","modified_gmt":"2025-12-09T09:14:18","slug":"pflueger-dr-schuessler-nr-11-silicea-250-g","status":"publish","type":"product","link":"https:\/\/www.ernstbrunn-apotheke.at\/katalog\/produkt\/pflueger-dr-schuessler-nr-11-silicea-250-g\/","title":{"rendered":"Pfl\u00fcger Dr. Sch\u00fc\u00dfler Nr. 11 Silicea 250 g"},"content":{"rendered":"<p>Pfl\u00fcger Dr. Sch\u00fc\u00dfler Nr. 11 Silicea greift tief in den K\u00f6rperhaushalt ein und wirkt mit beim Aufbau der Gewebsstrukturen. Eine hohe Affinit\u00e4t besteht zum Bindegewebe, Haut, Haaren, N\u00e4gel, Bluterg\u00fcssen, Dr\u00fcsen, Knochen, Muskeln, Sehnen und Nerven. Es f\u00f6rdert die mechanische Festigkeit der Gewebe und steigert damit ihre Widerstandskraft. Silicea gilt als das wichtigste Sch\u00f6nheitsmittel nach Dr. Sch\u00fc\u00dfler.<\/p>\n","protected":false},"excerpt":{"rendered":"<p>Pfl\u00fcger Dr. Sch\u00fc\u00dfler Nr. 11 Silicea greift tief in den K\u00f6rperhaushalt ein und wirkt mit beim Aufbau der Gewebsstrukturen. Eine hohe Affinit\u00e4t besteht zum Bindegewebe, Haut, Haaren, N\u00e4gel, Bluterg\u00fcssen, Dr\u00fcsen, Knochen, Muskeln, Sehnen und Nerven. Es f\u00f6rdert die mechanische Festigkeit der Gewebe und steigert damit ihre Widerstandskraft. Silicea gilt als das wichtigste Sch\u00f6nheitsmittel nach Dr. [&hellip;]<\/p>\n","protected":false},"featured_media":131528,"template":"","meta":{"_acf_changed":false},"product_brand":[],"product_cat":[793],"product_tag":[],"class_list":{"0":"post-131526","1":"product","2":"type-product","3":"status-publish","4":"has-post-thumbnail","6":"product_cat-p","7":"pa_packungsgroesse-250g","9":"first","10":"instock","11":"shipping-taxable","12":"purchasable","13":"product-type-simple"},"acf":[],"_links":{"self":[{"href":"https:\/\/www.ernstbrunn-apotheke.at\/katalog\/wp-json\/wp\/v2\/product\/131526","targetHints":{"allow":["GET"]}}],"collection":[{"href":"https:\/\/www.ernstbrunn-apotheke.at\/katalog\/wp-json\/wp\/v2\/product"}],"about":[{"href":"https:\/\/www.ernstbrunn-apotheke.at\/katalog\/wp-json\/wp\/v2\/types\/product"}],"wp:featuredmedia":[{"embeddable":true,"href":"https:\/\/www.ernstbrunn-apotheke.at\/katalog\/wp-json\/wp\/v2\/media\/131528"}],"wp:attachment":[{"href":"https:\/\/www.ernstbrunn-apotheke.at\/katalog\/wp-json\/wp\/v2\/media?parent=131526"}],"wp:term":[{"taxonomy":"product_brand","embeddable":true,"href":"https:\/\/www.ernstbrunn-apotheke.at\/katalog\/wp-json\/wp\/v2\/product_brand?post=131526"},{"taxonomy":"product_cat","embeddable":true,"href":"https:\/\/www.ernstbrunn-apotheke.at\/katalog\/wp-json\/wp\/v2\/product_cat?post=131526"},{"taxonomy":"product_tag","embeddable":true,"href":"https:\/\/www.ernstbrunn-apotheke.at\/katalog\/wp-json\/wp\/v2\/product_tag?post=131526"}],"curies":[{"name":"wp","href":"https:\/\/api.w.org\/{rel}","templated":true}]}}